{"id":40,"date":"2025-12-27T15:46:02","date_gmt":"2025-12-27T15:46:02","guid":{"rendered":"https:\/\/momentum06.fr\/?page_id=40"},"modified":"2026-04-05T11:51:39","modified_gmt":"2026-04-05T11:51:39","slug":"a-propos","status":"publish","type":"page","link":"https:\/\/momentum06.fr\/index.php\/a-propos\/","title":{"rendered":"A propos"},"content":{"rendered":"\n<div style=\"height:100px\" aria-hidden=\"true\" class=\"wp-block-spacer\"><\/div>\n\n\n\n<div class=\"wp-block-group alignfull has-global-padding is-layout-constrained wp-container-core-group-is-layout-4383d167 wp-block-group-is-layout-constrained\">\n<div class=\"wp-block-columns alignwide is-layout-flex wp-container-core-columns-is-layout-28f84493 wp-block-columns-is-layout-flex\">\n<div class=\"wp-block-column has-background is-layout-flow wp-block-column-is-layout-flow\" style=\"background-color:#fbfbf5\">\n<p class=\"has-text-align-center has-text-color has-medium-font-size\" style=\"color:#6f4949;margin-top:70px;margin-bottom:70px;padding-right:15%;padding-left:15%;font-style:normal;font-weight:400;line-height:1.2\">Momentum est un espace chaleureux, pour un bien-\u00eatre complet, \u00e0 travers des massages bien-\u00eatre et des consultations en naturopathie.<\/p>\n\n\n\n<figure class=\"wp-block-image aligncenter size-full is-resized has-custom-border is-style-rounded\"><img loading=\"lazy\" decoding=\"async\" width=\"924\" height=\"1237\" src=\"https:\/\/momentum06.fr\/wp-content\/uploads\/2026\/01\/IMG-20250903-WA0041naturo-2.webp\" alt=\"\" class=\"wp-image-122\" style=\"border-top-left-radius:80px;border-top-right-radius:80px;border-bottom-left-radius:80px;border-bottom-right-radius:80px;aspect-ratio:4\/3;object-fit:cover;width:541px;height:auto\" srcset=\"https:\/\/momentum06.fr\/wp-content\/uploads\/2026\/01\/IMG-20250903-WA0041naturo-2.webp 924w, https:\/\/momentum06.fr\/wp-content\/uploads\/2026\/01\/IMG-20250903-WA0041naturo-2-224x300.webp 224w, https:\/\/momentum06.fr\/wp-content\/uploads\/2026\/01\/IMG-20250903-WA0041naturo-2-765x1024.webp 765w, https:\/\/momentum06.fr\/wp-content\/uploads\/2026\/01\/IMG-20250903-WA0041naturo-2-768x1028.webp 768w\" sizes=\"auto, (max-width: 924px) 100vw, 924px\" \/><\/figure>\n\n\n\n<div class=\"wp-block-columns is-layout-flex wp-container-core-columns-is-layout-fd1dc633 wp-block-columns-is-layout-flex\" style=\"margin-top:50px;margin-bottom:70px\">\n<div class=\"wp-block-column has-text-color has-link-color wp-elements-5da5de93d21f5c419c4ccb27f5232a1c is-layout-flow wp-block-column-is-layout-flow\" style=\"color:#6f4949;padding-right:20px;padding-left:20px\">\n<h3 class=\"wp-block-heading has-text-align-center has-text-color\" style=\"color:#6f4949;font-size:clamp(14.082px, 0.88rem + ((1vw - 3.2px) * 0.786), 21px);font-style:normal;font-weight:600\">Naturopathie<\/h3>\n\n\n\n<p class=\"has-text-color\" style=\"color:#6f4949;font-size:clamp(14px, 0.875rem + ((1vw - 3.2px) * 0.114), 15px);\">Je suis No\u00e9mie Giannini,&nbsp;praticienne en naturopathie,&nbsp;install\u00e9e \u00e0&nbsp;Nice, sp\u00e9cialis\u00e9e dans l&rsquo;accompagnement global du bien-\u00eatre f\u00e9minin.<br>Passionn\u00e9e par la nature et l&rsquo;\u00e9quilibre du corps, j&rsquo;ai choisi la naturopathie pour aider chaque femme \u00e0 mieux comprendre son organisme et \u00e0 retrouver son \u00e9nergie vitale gr\u00e2ce \u00e0 une approche personnalis\u00e9e, respectueuse et durable.<\/p>\n\n\n\n<p class=\"has-text-color\" style=\"color:#6f4949;font-size:clamp(14px, 0.875rem + ((1vw - 3.2px) * 0.114), 15px);\">Mon objectif est de vous accompagner vers une&nbsp;meilleure connaissance de vous-m\u00eame, de vous aider \u00e0&nbsp;pr\u00e9server votre vitalit\u00e9&nbsp;et vous proposer des moyens concrets pour prendre soin de vous.<\/p>\n<\/div>\n\n\n\n<div class=\"wp-block-column has-text-color has-link-color wp-elements-bb807932bf9bd71685c67d54dbf827a1 is-layout-flow wp-block-column-is-layout-flow\" style=\"color:#6f4949;padding-right:20px;padding-left:20px\">\n<h3 class=\"wp-block-heading has-text-align-center has-text-color\" style=\"color:#6f4949;font-size:clamp(14.082px, 0.88rem + ((1vw - 3.2px) * 0.786), 21px);font-style:normal;font-weight:600\">Massages bien-\u00eatre<\/h3>\n\n\n\n<p class=\"has-text-color\" style=\"color:#6f4949;font-size:clamp(14px, 0.875rem + ((1vw - 3.2px) * 0.114), 15px);\">Le massage est un soutien pr\u00e9cieux, permettant de rel\u00e2cher toutes les tensions,<\/p>\n<\/div>\n<\/div>\n<\/div>\n<\/div>\n<\/div>\n\n\n\n<div class=\"wp-block-cover alignfull is-light has-text-color\" style=\"border-top-left-radius:50px;border-top-right-radius:50px;border-bottom-left-radius:50px;border-bottom-right-radius:50px;color:#6f4949;margin-top:0;margin-bottom:0;padding-top:0;padding-bottom:0;min-height:402px;aspect-ratio:unset;\"><span aria-hidden=\"true\" class=\"wp-block-cover__background has-background-dim-100 has-background-dim\" style=\"background-color:#faf6e9\"><\/span><div class=\"wp-block-cover__inner-container has-global-padding is-layout-constrained wp-container-core-cover-is-layout-aa26737f wp-block-cover-is-layout-constrained\">\n<h1 class=\"wp-block-heading has-text-align-center has-text-color has-inter-font-family\" style=\"color:#6f4949;margin-bottom:2.5rem;font-size:clamp(21.536px, 1.346rem + ((1vw - 3.2px) * 1.53), 35px);font-style:normal;font-weight:400;letter-spacing:-2px;line-height:1.3\"><em>La naturopathie et les massages sont une invitation \u00e0 reprendre contact avec son corps, \u00e0 \u00e9couter ses besoins et \u00e0 retrouver l&rsquo;harmonie int\u00e9rieure.<\/em><\/h1>\n<\/div><\/div>\n","protected":false},"excerpt":{"rendered":"<p>Momentum est un espace chaleureux, pour un bien-\u00eatre complet, \u00e0 travers des massages bien-\u00eatre et des consultations en naturopathie. Naturopathie Je suis No\u00e9mie Giannini,&nbsp;praticienne en naturopathie,&nbsp;install\u00e9e \u00e0&nbsp;Nice, sp\u00e9cialis\u00e9e dans l&rsquo;accompagnement global du bien-\u00eatre f\u00e9minin.Passionn\u00e9e par la nature et l&rsquo;\u00e9quilibre du corps, j&rsquo;ai choisi la naturopathie pour aider chaque femme \u00e0 mieux comprendre son organisme et [&hellip;]<\/p>\n","protected":false},"author":1,"featured_media":0,"parent":0,"menu_order":0,"comment_status":"closed","ping_status":"closed","template":"","meta":{"footnotes":""},"class_list":["post-40","page","type-page","status-publish","hentry"],"_links":{"self":[{"href":"https:\/\/momentum06.fr\/index.php\/wp-json\/wp\/v2\/pages\/40","targetHints":{"allow":["GET"]}}],"collection":[{"href":"https:\/\/momentum06.fr\/index.php\/wp-json\/wp\/v2\/pages"}],"about":[{"href":"https:\/\/momentum06.fr\/index.php\/wp-json\/wp\/v2\/types\/page"}],"author":[{"embeddable":true,"href":"https:\/\/momentum06.fr\/index.php\/wp-json\/wp\/v2\/users\/1"}],"replies":[{"embeddable":true,"href":"https:\/\/momentum06.fr\/index.php\/wp-json\/wp\/v2\/comments?post=40"}],"version-history":[{"count":25,"href":"https:\/\/momentum06.fr\/index.php\/wp-json\/wp\/v2\/pages\/40\/revisions"}],"predecessor-version":[{"id":362,"href":"https:\/\/momentum06.fr\/index.php\/wp-json\/wp\/v2\/pages\/40\/revisions\/362"}],"wp:attachment":[{"href":"https:\/\/momentum06.fr\/index.php\/wp-json\/wp\/v2\/media?parent=40"}],"curies":[{"name":"wp","href":"https:\/\/api.w.org\/{rel}","templated":true}]}}