{"id":38,"date":"2025-12-27T15:45:32","date_gmt":"2025-12-27T15:45:32","guid":{"rendered":"https:\/\/momentum06.fr\/?page_id=38"},"modified":"2026-04-05T14:15:03","modified_gmt":"2026-04-05T14:15:03","slug":"accueil","status":"publish","type":"page","link":"https:\/\/momentum06.fr\/","title":{"rendered":"Accueil"},"content":{"rendered":"\n<div class=\"wp-block-cover alignfull is-light has-custom-color-2-color has-text-color\" style=\"margin-top:0px;margin-bottom:0px;padding-top:100px;padding-right:20px;padding-bottom:100px;padding-left:20px\"><span aria-hidden=\"true\" class=\"wp-block-cover__background has-custom-color-1-background-color has-background-dim-0 has-background-dim\"><\/span><div class=\"wp-block-cover__inner-container has-global-padding is-layout-constrained wp-container-core-cover-is-layout-47630ab8 wp-block-cover-is-layout-constrained\">\n<div style=\"height:100px\" aria-hidden=\"true\" class=\"wp-block-spacer\"><\/div>\n\n\n\n<h2 class=\"wp-block-heading has-text-align-center has-text-color has-work-sans-regular-font-family\" style=\"color:#894545;margin-top:0px;margin-right:0px;margin-bottom:16px;margin-left:0px;font-size:clamp(24.034px, 1.502rem + ((1vw - 3.2px) * 1.814), 40px);font-style:normal;font-weight:400;line-height:1.2\">Espace Bien-\u00eatre<\/h2>\n\n\n\n<hr class=\"wp-block-separator has-text-color has-alpha-channel-opacity has-background is-style-default\" style=\"margin-top:0px;margin-bottom:50px;background-color:#974c3fc7;color:#974c3fc7\"\/>\n\n\n\n<div class=\"wp-block-columns is-layout-flex wp-container-core-columns-is-layout-13e94aa7 wp-block-columns-is-layout-flex\">\n<div class=\"wp-block-column is-layout-flow wp-container-core-column-is-layout-fe0e2ea3 wp-block-column-is-layout-flow\">\n<figure class=\"wp-block-image size-full has-custom-border\"><img decoding=\"async\" src=\"https:\/\/tyler.com\/wp-content\/uploads\/2023\/11\/LoveNature-Home-2nd-sec-Image1.jpeg\" alt=\"\" class=\"wp-image-1720\" style=\"border-width:5px;border-top-left-radius:72px;border-top-right-radius:72px;border-bottom-left-radius:72px;border-bottom-right-radius:72px\"\/><\/figure>\n\n\n\n<h4 class=\"wp-block-heading has-text-color has-work-sans-regular-font-family\" style=\"color:#894545;margin-top:1.75rem;font-size:clamp(14px, 0.875rem + ((1vw - 3.2px) * 0.455), 18px);font-style:normal;font-weight:700\">Naturopathie<\/h4>\n\n\n\n<p class=\"has-text-color has-work-sans-regular-font-family\" style=\"color:#ac4848;margin-bottom:0rem;font-size:clamp(14px, 0.875rem + ((1vw - 3.2px) * 0.114), 15px);\">Que vous souhaitiez retrouver vitalit\u00e9 et bien-\u00eatre, ou mieux apprendre \u00e0 vous conna\u00eetre, <strong>la naturopathie<\/strong> vous offre des solutions concr\u00e8tes et naturelles pour mieux comprendre votre corps et en prendre soin.<\/p>\n<\/div>\n\n\n\n<div class=\"wp-block-column is-layout-flow wp-container-core-column-is-layout-fe0e2ea3 wp-block-column-is-layout-flow\">\n<figure class=\"wp-block-image size-full has-custom-border\"><img decoding=\"async\" src=\"https:\/\/tyler.com\/wp-content\/uploads\/2023\/11\/LoveNature-Home-2nd-sec-Image2.jpeg\" alt=\"\" class=\"wp-image-1721\" style=\"border-width:5px;border-top-left-radius:72px;border-top-right-radius:72px;border-bottom-left-radius:72px;border-bottom-right-radius:72px\"\/><\/figure>\n\n\n\n<h4 class=\"wp-block-heading has-text-color has-work-sans-regular-font-family\" style=\"color:#894545;margin-top:1.75rem;font-size:clamp(14px, 0.875rem + ((1vw - 3.2px) * 0.455), 18px);font-style:normal;font-weight:700\">Massages Bien-\u00eatre Relaxant<\/h4>\n\n\n\n<p class=\"has-text-color has-work-sans-regular-font-family\" style=\"color:#ac4848;font-size:clamp(14px, 0.875rem + ((1vw - 3.2px) * 0.114), 15px);\">Le <strong>massage relaxant<\/strong> est une parenth\u00e8se de douceur, id\u00e9ale pour rel\u00e2cher les tensions, apaiser le mental et retrouver un \u00e9tat de calme int\u00e9rieur.<br>J&rsquo;adapte \u00e9galement ce massage aux <strong>femmes enceintes <\/strong>et en <strong>postpartum<\/strong>.<\/p>\n<\/div>\n\n\n\n<div class=\"wp-block-column is-layout-flow wp-container-core-column-is-layout-da1d6529 wp-block-column-is-layout-flow\">\n<figure class=\"wp-block-image size-full has-custom-border\"><img decoding=\"async\" src=\"https:\/\/tyler.com\/wp-content\/uploads\/2023\/11\/LoveNature-Home-2nd-sec-Image3.jpeg\" alt=\"\" class=\"wp-image-1722\" style=\"border-width:5px;border-top-left-radius:72px;border-top-right-radius:72px;border-bottom-left-radius:72px;border-bottom-right-radius:72px\"\/><\/figure>\n\n\n\n<h4 class=\"wp-block-heading has-text-color has-work-sans-regular-font-family\" style=\"color:#894545;margin-top:1.75rem;font-size:clamp(14px, 0.875rem + ((1vw - 3.2px) * 0.455), 18px);font-style:normal;font-weight:700\">Massage Ayurvedique &#8211; Abhyanga<\/h4>\n\n\n\n<p class=\"has-text-color has-work-sans-regular-font-family\" style=\"color:#ac4848;font-size:clamp(14px, 0.875rem + ((1vw - 3.2px) * 0.114), 15px);\">Le <strong>massage Abhyanga<\/strong> est un soin profond, enveloppant et harmonisant, issu de la tradition ayurv\u00e9dique.<\/p>\n<\/div>\n<\/div>\n<\/div><\/div>\n\n\n\n<div class=\"wp-block-group alignfull has-background has-global-padding is-layout-constrained wp-container-core-group-is-layout-6d8556d3 wp-block-group-is-layout-constrained\" style=\"background-color:#f5f8f5;margin-top:0px;margin-bottom:0px;padding-top:100px;padding-right:20px;padding-bottom:100px;padding-left:20px\">\n<div class=\"wp-block-columns alignwide is-layout-flex wp-container-core-columns-is-layout-8e3aed5f wp-block-columns-is-layout-flex\" style=\"border-style:none;border-width:0px;margin-top:0px;margin-bottom:0px;padding-top:0px;padding-right:30px;padding-bottom:0px;padding-left:30px\">\n<div class=\"wp-block-column is-vertically-aligned-center is-layout-flow wp-container-core-column-is-layout-abe5317a wp-block-column-is-layout-flow\" style=\"padding-top:0px;padding-right:0px;padding-bottom:40px;padding-left:0px\">\n<h2 class=\"wp-block-heading has-text-color has-hedvig-letters-serif-regular-font-family\" style=\"color:#536942;margin-top:0;margin-bottom:36px;font-size:clamp(24.034px, 1.502rem + ((1vw - 3.2px) * 1.814), 40px);font-style:normal;font-weight:400\">Momentum<\/h2>\n\n\n\n<p class=\"has-text-color has-hedvig-letters-serif-regular-font-family\" style=\"color:#768667;margin-bottom:2.75rem;font-size:clamp(14px, 0.875rem + ((1vw - 3.2px) * 0.341), 17px);\">J\u2019ai con\u00e7u \u00ab&nbsp;Momentum&nbsp;\u00bb, pour que chaque femme puisse s\u2019offrir une parenth\u00e8se bien-\u00eatre, un moment rien que pour elle.<\/p>\n\n\n\n<p class=\"has-text-color has-link-color has-hedvig-letters-serif-regular-font-family wp-elements-01fb8c761b37bec635bccf6ad43c5e3f\" style=\"color:#ac4848;font-size:clamp(14px, 0.875rem + ((1vw - 3.2px) * 0.341), 17px);\">Mon intention est d\u2019accompagner chaque femme avec douceur et bienveillance, vers une meilleure connaissance d\u2019elle-m\u00eame et un mieux-\u00eatre durable.<\/p>\n\n\n\n<div class=\"wp-block-buttons is-content-justification-left is-layout-flex wp-container-core-buttons-is-layout-fc4fd283 wp-block-buttons-is-layout-flex\">\n<div class=\"wp-block-button is-style-outline is-style-outline--1\"><a class=\"wp-block-button__link has-text-color has-background has-border-color has-custom-font-size wp-element-button\" style=\"border-color:#768667;border-width:1px;border-radius:7px;color:#536942;background-color:#ffffff00;padding-top:17px;padding-right:40px;padding-bottom:17px;padding-left:40px;font-size:clamp(14px, 0.875rem + ((1vw - 3.2px) * 0.114), 15px);line-height:1\">Find Out More<\/a><\/div>\n<\/div>\n<\/div>\n\n\n\n<div class=\"wp-block-column is-layout-flow wp-block-column-is-layout-flow\" style=\"flex-basis:40%\">\n<figure class=\"wp-block-image size-full\"><img decoding=\"async\" src=\"https:\/\/tyler.com\/wp-content\/uploads\/2023\/11\/LoveNature-Home-3rd-sec-Image.jpeg\" alt=\"\" class=\"wp-image-1723\"\/><\/figure>\n<\/div>\n<\/div>\n<\/div>\n\n\n\n<div class=\"wp-block-cover alignfull is-light has-custom-color-2-color has-text-color\" style=\"margin-top:0px;margin-bottom:0px;padding-top:100px;padding-right:20px;padding-bottom:100px;padding-left:20px;min-height:50px;aspect-ratio:unset;\"><span aria-hidden=\"true\" class=\"wp-block-cover__background has-white-background-color has-background-dim-0 has-background-dim\"><\/span><div class=\"wp-block-cover__inner-container has-global-padding is-layout-constrained wp-container-core-cover-is-layout-1667de05 wp-block-cover-is-layout-constrained\">\n<figure class=\"wp-block-image aligncenter size-full is-style-default wp-duotone-c4cdbf-c4cdbf-2\"><img decoding=\"async\" src=\"https:\/\/tyler.com\/wp-content\/uploads\/2023\/11\/svgviewer-output.png\" alt=\"\" class=\"wp-image-2223\"\/><\/figure>\n\n\n\n<h1 class=\"wp-block-heading has-text-align-center has-text-color has-inter-font-family\" style=\"color:#536942;margin-bottom:2.5rem;font-size:clamp(21.536px, 1.346rem + ((1vw - 3.2px) * 1.53), 35px);font-style:normal;font-weight:400;letter-spacing:-2px;line-height:1.3\">Original and with an innate understanding needs of their customer, the team at Love Nature are always a pleasure to work with.<\/h1>\n\n\n\n<figure class=\"wp-block-image aligncenter size-full is-resized\"><img decoding=\"async\" src=\"https:\/\/tyler.com\/wp-content\/uploads\/2023\/11\/LoveNature-Home-Testimonials-sec-Avatar-Image.png\" alt=\"\" class=\"wp-image-1726\" style=\"aspect-ratio:1;object-fit:cover;width:50px\"\/><\/figure>\n\n\n\n<p class=\"has-text-align-center has-text-color\" style=\"color:#a4b09a;margin-top:16px;margin-bottom:0;font-size:14px;font-style:normal;font-weight:300\">Jane Miller<\/p>\n<\/div><\/div>\n\n\n\n<div class=\"wp-block-cover alignfull is-light has-custom-color-2-color has-text-color\" style=\"margin-top:0;margin-bottom:0;padding-top:120px;padding-right:20px;padding-bottom:120px;padding-left:20px;min-height:50px;aspect-ratio:unset;\"><img decoding=\"async\" class=\"wp-block-cover__image-background wp-image-1724\" alt=\"\" src=\"https:\/\/tyler.com\/wp-content\/uploads\/2023\/11\/LoveNature-Home-4th-sec-Image.jpeg\" style=\"object-position:50% 51%\" data-object-fit=\"cover\" data-object-position=\"50% 51%\"\/><span aria-hidden=\"true\" class=\"wp-block-cover__background has-background-dim-0 has-background-dim\"><\/span><div class=\"wp-block-cover__inner-container has-global-padding is-layout-constrained wp-container-core-cover-is-layout-619827bf wp-block-cover-is-layout-constrained\">\n<h2 class=\"wp-block-heading has-text-align-center has-text-color\" style=\"color:#536942;font-size:clamp(32.518px, 2.032rem + ((1vw - 3.2px) * 2.896), 58px);font-style:normal;font-weight:400;letter-spacing:-2px;line-height:1.2\">QUESTIONS?<\/h2>\n\n\n\n<p class=\"has-text-align-center has-text-color\" style=\"color:#768667;margin-bottom:2.5rem;font-size:clamp(14px, 0.875rem + ((1vw - 3.2px) * 0.341), 17px);font-style:normal;font-weight:400;line-height:1.9\">Whether you are curious about features, a free trial, or even press, we are here to answer any questions.<\/p>\n\n\n\n<div class=\"wp-block-buttons is-content-justification-center is-layout-flex wp-container-core-buttons-is-layout-a89b3969 wp-block-buttons-is-layout-flex\">\n<div class=\"wp-block-button\"><a class=\"wp-block-button__link has-text-color has-background has-custom-font-size wp-element-button\" style=\"border-width:1px;color:#536942;background-color:#ffd835;padding-top:17px;padding-right:40px;padding-bottom:17px;padding-left:40px;font-size:clamp(14px, 0.875rem + ((1vw - 3.2px) * 0.227), 16px);line-height:1\">Let Us Talk Now<\/a><\/div>\n<\/div>\n<\/div><\/div>\n\n\n\n<p><\/p>\n","protected":false},"excerpt":{"rendered":"<p>Momentum J\u2019ai con\u00e7u \u00ab&nbsp;Momentum&nbsp;\u00bb, pour que chaque femme puisse s\u2019offrir une parenth\u00e8se bien-\u00eatre, un moment rien que pour elle. Mon intention est d\u2019accompagner chaque femme avec douceur et bienveillance, vers une meilleure connaissance d\u2019elle-m\u00eame et un mieux-\u00eatre durable.<\/p>\n","protected":false},"author":1,"featured_media":0,"parent":0,"menu_order":0,"comment_status":"closed","ping_status":"closed","template":"","meta":{"footnotes":""},"class_list":["post-38","page","type-page","status-publish","hentry"],"_links":{"self":[{"href":"https:\/\/momentum06.fr\/index.php\/wp-json\/wp\/v2\/pages\/38","targetHints":{"allow":["GET"]}}],"collection":[{"href":"https:\/\/momentum06.fr\/index.php\/wp-json\/wp\/v2\/pages"}],"about":[{"href":"https:\/\/momentum06.fr\/index.php\/wp-json\/wp\/v2\/types\/page"}],"author":[{"embeddable":true,"href":"https:\/\/momentum06.fr\/index.php\/wp-json\/wp\/v2\/users\/1"}],"replies":[{"embeddable":true,"href":"https:\/\/momentum06.fr\/index.php\/wp-json\/wp\/v2\/comments?post=38"}],"version-history":[{"count":60,"href":"https:\/\/momentum06.fr\/index.php\/wp-json\/wp\/v2\/pages\/38\/revisions"}],"predecessor-version":[{"id":431,"href":"https:\/\/momentum06.fr\/index.php\/wp-json\/wp\/v2\/pages\/38\/revisions\/431"}],"wp:attachment":[{"href":"https:\/\/momentum06.fr\/index.php\/wp-json\/wp\/v2\/media?parent=38"}],"curies":[{"name":"wp","href":"https:\/\/api.w.org\/{rel}","templated":true}]}}