{"id":223,"date":"2026-01-12T19:32:25","date_gmt":"2026-01-12T19:32:25","guid":{"rendered":"https:\/\/momentum06.fr\/?page_id=223"},"modified":"2026-04-05T13:34:40","modified_gmt":"2026-04-05T13:34:40","slug":"massage-ayurvedique","status":"publish","type":"page","link":"https:\/\/momentum06.fr\/index.php\/massage-ayurvedique\/","title":{"rendered":"Massage ayurv\u00e9dique"},"content":{"rendered":"\n<div class=\"wp-block-group alignfull has-background has-global-padding is-layout-constrained wp-container-core-group-is-layout-a62fa364 wp-block-group-is-layout-constrained\" style=\"background-color:#ffffff;margin-top:0;margin-bottom:0;padding-top:0px;padding-bottom:0px\">\n<div class=\"wp-block-columns alignwide is-layout-flex wp-container-core-columns-is-layout-7389a5db wp-block-columns-is-layout-flex\" style=\"margin-top:0;margin-bottom:0;padding-right:0;padding-left:0\">\n<div class=\"wp-block-column is-layout-flow wp-block-column-is-layout-flow\">\n<figure class=\"wp-block-image alignleft size-full\"><img decoding=\"async\" src=\"https:\/\/tyler.com\/wp-content\/uploads\/2023\/11\/Sunshine-Service-1st-Sec-Image.png\" alt=\"\" class=\"wp-image-2912\"\/><\/figure>\n<\/div>\n\n\n\n<div class=\"wp-block-column is-vertically-aligned-center is-layout-flow wp-block-column-is-layout-flow\" style=\"padding-top:0;padding-right:var(--wp--preset--spacing--60);padding-bottom:0;padding-left:var(--wp--preset--spacing--60)\">\n<h2 class=\"wp-block-heading has-text-align-center has-text-color has-link-color has-work-sans-regular-font-family wp-elements-dc893413d25abdee62b503b3488a7e17\" style=\"color:#894545;font-size:clamp(14.642px, 0.915rem + ((1vw - 3.2px) * 0.836), 22px);font-style:normal;font-weight:400\"><strong>Massage ayurv\u00e9dique &#8211; Abhyanga \u00e0 Nice :   une approche globale du bien-\u00eatre<\/strong><\/h2>\n\n\n\n<p class=\"has-text-align-left has-text-color has-link-color has-work-sans-regular-font-family wp-elements-9bfcf83a31d2d2fe220bd2f550d39786\" style=\"color:#ac4848;font-size:clamp(14px, 0.875rem + ((1vw - 3.2px) * 0.114), 15px);font-style:normal;font-weight:400\">Bienvenue dans un espace d\u00e9di\u00e9 au bien-\u00eatre, \u00e0 l\u2019\u00e9quilibre et \u00e0 la reconnexion \u00e0 soi.<\/p>\n\n\n\n<p class=\"has-text-align-left has-text-color has-link-color has-work-sans-regular-font-family wp-elements-84dac1a1a61a4122f91afb15e1e16d7f\" style=\"color:#ac4848;font-size:clamp(14px, 0.875rem + ((1vw - 3.2px) * 0.114), 15px);font-style:normal;font-weight:400\">Situ\u00e9 \u00e0 <strong>Nice<\/strong>, au c\u0153ur du quartier de la Lib\u00e9ration, je vous accueille dans mon espace pour des soins inspir\u00e9s de l\u2019Ayurveda, m\u00e9decine traditionnelle indienne reconnue pour sa vision holistique de l\u2019\u00eatre humain.<\/p>\n\n\n\n<div class=\"wp-block-buttons is-layout-flex wp-block-buttons-is-layout-flex\">\n<div class=\"wp-block-button\"><a class=\"wp-block-button__link has-text-color has-background has-link-color has-jost-font-family has-custom-font-size wp-element-button\" href=\"https:\/\/momentum06.fr\/index.php\/contact\/\" style=\"border-radius:0px;color:#ffffff;background-color:#a85d20cf;padding-top:10px;padding-right:20px;padding-bottom:10px;padding-left:20px;font-size:clamp(14px, 0.875rem + ((1vw - 3.2px) * 0.455), 18px);font-style:normal;font-weight:400;letter-spacing:1px\">R\u00e9servez Maintenant<\/a><\/div>\n<\/div>\n<\/div>\n<\/div>\n<\/div>\n\n\n\n<div class=\"wp-block-group alignfull has-background has-global-padding is-layout-constrained wp-container-core-group-is-layout-cd6a9547 wp-block-group-is-layout-constrained\" style=\"background-color:#fffbf0;margin-top:var(--wp--preset--spacing--80);margin-bottom:var(--wp--preset--spacing--80);padding-top:0px;padding-right:0;padding-bottom:0px;padding-left:0\">\n<div class=\"wp-block-columns alignwide is-layout-flex wp-container-core-columns-is-layout-af526218 wp-block-columns-is-layout-flex\" style=\"margin-top:0;margin-bottom:0;padding-right:var(--wp--preset--spacing--60);padding-left:var(--wp--preset--spacing--60)\">\n<div class=\"wp-block-column is-vertically-aligned-center is-layout-flow wp-block-column-is-layout-flow\" style=\"padding-right:0;padding-left:0\">\n<h2 class=\"wp-block-heading has-text-align-center has-text-color has-link-color has-work-sans-regular-font-family wp-elements-52f01a909390a3e99e28703e9c941a4d\" style=\"color:#894545;font-size:clamp(14.642px, 0.915rem + ((1vw - 3.2px) * 0.836), 22px);\"><strong>Qu\u2019est-ce que le massage ayurv\u00e9dique ?<\/strong><\/h2>\n\n\n\n<p class=\"has-text-align-left has-text-color has-link-color has-work-sans-regular-font-family wp-elements-73f3bbc55de71769c7196190559f25ef\" style=\"color:#ac4848;font-size:clamp(14px, 0.875rem + ((1vw - 3.2px) * 0.114), 15px);\">Le <strong>massage ayurv\u00e9dique<\/strong> est une pratique ancienne issue de l\u2019Ayurveda, une m\u00e9decine globale qui consid\u00e8re que le bien-\u00eatre repose sur l\u2019\u00e9quilibre entre le corps, le mental et les \u00e9motions. <\/p>\n\n\n\n<p class=\"has-text-align-left has-text-color has-link-color has-work-sans-regular-font-family wp-elements-74b879fd19067f0328743f508f292064\" style=\"color:#ac4848;font-size:clamp(14px, 0.875rem + ((1vw - 3.2px) * 0.114), 15px);\">Le terme \u00ab Ayur \u00bb, issu du sanskrit, signifie \u00ab vie \u00bb ou \u00ab force vitale \u00bb (Prana) et \u00ab Veda \u00bb d\u00e9signe la connaissance et la compr\u00e9hension. <\/p>\n\n\n\n<p class=\"has-text-align-left has-text-color has-link-color has-work-sans-regular-font-family wp-elements-f936479816d10f15055c090d4d77530e\" style=\"color:#ac4848;font-size:clamp(14px, 0.875rem + ((1vw - 3.2px) * 0.114), 15px);\">Ainsi, \u00ab Ayurv\u00e9da \u00bb se traduit par \u00ab la connaissance de la vie \u00bb et, dans un sens plus large, par \u00ab la science de l\u2019auto-gu\u00e9rison \u00bb ou encore \u00ab l\u2019art de la long\u00e9vit\u00e9 \u00bb.<\/p>\n\n\n\n<p class=\"has-text-align-left has-text-color has-link-color has-work-sans-regular-font-family wp-elements-5b71353eff88801827236d3742a97bb8\" style=\"color:#ac4848;font-size:clamp(14px, 0.875rem + ((1vw - 3.2px) * 0.114), 15px);\">Selon cette tradition, chaque personne est compos\u00e9e de trois \u00e9nergies vitales, appel\u00e9es doshas : Vata, Pitta et Kapha. Lorsque ces \u00e9nergies sont d\u00e9s\u00e9quilibr\u00e9es, des tensions physiques ou \u00e9motionnelles peuvent appara\u00eetre.<\/p>\n\n\n\n<div class=\"wp-block-buttons is-layout-flex wp-block-buttons-is-layout-flex\">\n<div class=\"wp-block-button\"><a class=\"wp-block-button__link has-text-color has-background has-link-color has-jost-font-family has-custom-font-size wp-element-button\" href=\"https:\/\/momentum06.fr\/index.php\/contact\/\" style=\"border-radius:0px;color:#ffffff;background-color:#a85d20cf;padding-top:10px;padding-right:20px;padding-bottom:10px;padding-left:20px;font-size:clamp(14px, 0.875rem + ((1vw - 3.2px) * 0.455), 18px);font-style:normal;font-weight:400;letter-spacing:1px\">D\u00e9couvrez le Massage<\/a><\/div>\n<\/div>\n<\/div>\n\n\n\n<div class=\"wp-block-column is-layout-flow wp-block-column-is-layout-flow\">\n<figure class=\"wp-block-image alignright size-full\"><img decoding=\"async\" src=\"https:\/\/tyler.com\/wp-content\/uploads\/2023\/11\/Sunshine-Service-2nd-Sec-Image.png\" alt=\"\" class=\"wp-image-2914\"\/><\/figure>\n<\/div>\n<\/div>\n<\/div>\n\n\n\n<div class=\"wp-block-group alignfull has-background has-global-padding is-layout-constrained wp-container-core-group-is-layout-0970061e wp-block-group-is-layout-constrained\" style=\"background-color:#ffffff;margin-top:0;margin-bottom:0;padding-top:0px;padding-right:0;padding-bottom:0px;padding-left:0\">\n<div class=\"wp-block-columns alignwide is-layout-flex wp-container-core-columns-is-layout-28f84493 wp-block-columns-is-layout-flex\">\n<div class=\"wp-block-column is-layout-flow wp-block-column-is-layout-flow\">\n<figure class=\"wp-block-image alignleft size-full\"><img decoding=\"async\" src=\"https:\/\/tyler.com\/wp-content\/uploads\/2023\/11\/Sunshine-Service-3rd-Sec-Image.png\" alt=\"\" class=\"wp-image-2916\"\/><\/figure>\n<\/div>\n\n\n\n<div class=\"wp-block-column is-vertically-aligned-center is-layout-flow wp-block-column-is-layout-flow\" style=\"padding-right:var(--wp--preset--spacing--60);padding-left:var(--wp--preset--spacing--60)\">\n<h2 class=\"wp-block-heading has-text-align-center has-text-color has-link-color has-work-sans-regular-font-family wp-elements-69f400812f9b532a203c193ab517f612\" style=\"color:#894545;font-size:clamp(14.642px, 0.915rem + ((1vw - 3.2px) * 0.836), 22px);\"><strong>L\u2019abhyanga : le massage ayurv\u00e9dique par excellence<\/strong><\/h2>\n\n\n\n<p class=\"has-text-color has-link-color has-work-sans-regular-font-family wp-elements-a1e89192d8babe0b26ea23363c5fb3b3\" style=\"color:#ac4848;font-size:clamp(14px, 0.875rem + ((1vw - 3.2px) * 0.114), 15px);\">L\u2019<strong>abhyanga<\/strong> est l\u2019un des massages ayurv\u00e9diques les plus connus et les plus complets. Il s\u2019agit d\u2019un massage du corps entier r\u00e9alis\u00e9 avec des huiles v\u00e9g\u00e9tales chaudes, choisies pour leurs propri\u00e9t\u00e9s sp\u00e9cifiques. <\/p>\n\n\n\n<p class=\"has-text-color has-link-color has-work-sans-regular-font-family wp-elements-4c4e4367601330673fd6d028007e579b\" style=\"color:#ac4848;font-size:clamp(14px, 0.875rem + ((1vw - 3.2px) * 0.114), 15px);\">L\u2019abhyanga se caract\u00e9rise par des mouvements enveloppants, rythm\u00e9s et profonds, favorisant une d\u00e9tente intense et un v\u00e9ritable l\u00e2cher-prise.<\/p>\n\n\n\n<p class=\"has-text-color has-link-color has-work-sans-regular-font-family wp-elements-f0765be524e99a00c59502241d9bb093\" style=\"color:#ac4848;font-size:clamp(14px, 0.875rem + ((1vw - 3.2px) * 0.114), 15px);\">Ce massage ayurv\u00e9dique agit sur le syst\u00e8me nerveux, am\u00e9liore la circulation sanguine et lymphatique, nourrit la peau et aide \u00e0 \u00e9liminer les toxines. L\u2019abhyanga est particuli\u00e8rement appr\u00e9ci\u00e9 pour son effet apaisant et r\u00e9\u00e9quilibrant, notamment dans un quotidien souvent marqu\u00e9 par le stress et la surcharge mentale.<\/p>\n\n\n\n<p class=\"has-text-color has-link-color has-work-sans-regular-font-family wp-elements-fd60397752f494dc3d58986547a55e78\" style=\"color:#894545\"><strong>Les bienfaits du massage ayurv\u00e9dique &#8211; Abhyanga<\/strong><\/p>\n\n\n\n<ul class=\"wp-block-list\">\n<li class=\"has-text-color has-link-color has-work-sans-regular-font-family wp-elements-6f7768825ed21b6a5eecea480992701f\" style=\"color:#ac4848;font-size:clamp(14px, 0.875rem + ((1vw - 3.2px) * 0.114), 15px);\">R\u00e9duction du stress et de l\u2019anxi\u00e9t\u00e9<\/li>\n\n\n\n<li class=\"has-text-color has-link-color has-work-sans-regular-font-family wp-elements-1d846839995892032dbbf585db4917cd\" style=\"color:#ac4848;font-size:clamp(14px, 0.875rem + ((1vw - 3.2px) * 0.114), 15px);\">D\u00e9tente profonde du corps et de l\u2019esprit<\/li>\n\n\n\n<li class=\"has-text-color has-link-color has-work-sans-regular-font-family wp-elements-1f58b7267c0323a4f6d7e185e7bb176a\" style=\"color:#ac4848;font-size:clamp(14px, 0.875rem + ((1vw - 3.2px) * 0.114), 15px);\">Soulagement des tensions musculaires<\/li>\n\n\n\n<li class=\"has-text-color has-link-color has-work-sans-regular-font-family wp-elements-054ad5259bc57bce686369ceb1e381f8\" style=\"color:#ac4848;font-size:clamp(14px, 0.875rem + ((1vw - 3.2px) * 0.114), 15px);\">Am\u00e9lioration du sommeil<\/li>\n\n\n\n<li class=\"has-text-color has-link-color has-work-sans-regular-font-family wp-elements-7d4bdc61abae5847fe14a5671b17e87f\" style=\"color:#ac4848;font-size:clamp(14px, 0.875rem + ((1vw - 3.2px) * 0.114), 15px);\">Stimulation de l\u2019\u00e9nergie vitale<\/li>\n\n\n\n<li class=\"has-text-color has-link-color has-work-sans-regular-font-family wp-elements-d72e3ed3ed78dd7cb1ede2d7c4906b8b\" style=\"color:#ac4848;font-size:clamp(14px, 0.875rem + ((1vw - 3.2px) * 0.114), 15px);\">Sensation de bien-\u00eatre global et durable<\/li>\n<\/ul>\n\n\n\n<p class=\"has-text-color has-link-color has-hedvig-letters-serif-regular-font-family wp-elements-82bedd400762a15fc677d04426ada2de\" style=\"color:#ac4848;font-size:0px\">Ces soins s\u2019adressent \u00e0 toute personne souhaitant prendre soin d\u2019elle, pr\u00e9venir les d\u00e9s\u00e9quilibres ou simplement s\u2019offrir un moment de d\u00e9tente profonde.<\/p>\n\n\n\n<div class=\"wp-block-buttons is-layout-flex wp-block-buttons-is-layout-flex\">\n<div class=\"wp-block-button\"><a class=\"wp-block-button__link has-text-color has-background has-link-color has-jost-font-family has-custom-font-size wp-element-button\" href=\"https:\/\/momentum06.fr\/index.php\/contact\/\" style=\"border-radius:0px;color:#ffffff;background-color:#a85d20cf;padding-top:10px;padding-right:20px;padding-bottom:10px;padding-left:20px;font-size:clamp(14px, 0.875rem + ((1vw - 3.2px) * 0.455), 18px);font-style:normal;font-weight:400;letter-spacing:1px\">R\u00e9servez Votre S\u00e9ance<\/a><\/div>\n<\/div>\n<\/div>\n<\/div>\n<\/div>\n\n\n\n<div class=\"wp-block-group alignfull has-background has-global-padding is-layout-constrained wp-container-core-group-is-layout-b8853fcf wp-block-group-is-layout-constrained\" style=\"background-color:#fffbf0;margin-top:var(--wp--preset--spacing--80);margin-bottom:var(--wp--preset--spacing--80);padding-top:0px;padding-bottom:0px\">\n<div class=\"wp-block-columns alignwide is-layout-flex wp-container-core-columns-is-layout-cad298ab wp-block-columns-is-layout-flex\" style=\"padding-right:var(--wp--preset--spacing--60);padding-left:var(--wp--preset--spacing--60)\">\n<div class=\"wp-block-column is-vertically-aligned-center is-layout-flow wp-block-column-is-layout-flow\" style=\"padding-right:0;padding-left:0\">\n<h2 class=\"wp-block-heading has-text-align-center has-text-color has-link-color has-work-sans-regular-font-family wp-elements-26bea2f94b8129a7fa010070a1850c13\" style=\"color:#894545;font-size:clamp(14.642px, 0.915rem + ((1vw - 3.2px) * 0.836), 22px);font-style:normal;font-weight:700\">Massage Relaxant Profond<\/h2>\n\n\n\n<p class=\"has-text-align-left has-text-color has-link-color has-work-sans-regular-font-family wp-elements-1b738e3be4061a839ba59a1a54fb8bb8\" style=\"color:#ac4848;font-size:clamp(14px, 0.875rem + ((1vw - 3.2px) * 0.114), 15px);\">D\u00e9couvrez le pouvoir du massage relaxant profond, con\u00e7u pour vous offrir une pause bien m\u00e9rit\u00e9e dans votre quotidien. <\/p>\n\n\n\n<p class=\"has-text-align-left has-text-color has-link-color has-work-sans-regular-font-family wp-elements-cb2946b7b3fd180d8d19f0495f33cc84\" style=\"color:#ac4848;font-size:clamp(14px, 0.875rem + ((1vw - 3.2px) * 0.114), 15px);\">Ce massage cible les zones de tension et de stress, vous aidant \u00e0 rel\u00e2cher les muscles et \u00e0 calmer l\u2019esprit. Gr\u00e2ce \u00e0 des mouvements doux et enveloppants, vous ressentirez une profonde d\u00e9tente qui am\u00e9liore votre humeur et votre bien-\u00eatre g\u00e9n\u00e9ral. <\/p>\n\n\n\n<p class=\"has-text-align-left has-text-color has-link-color has-work-sans-regular-font-family wp-elements-f2cc0b133e9900e2a9421fee63d79235\" style=\"color:#ac4848;font-size:clamp(14px, 0.875rem + ((1vw - 3.2px) * 0.114), 15px);\">Que vous veniez pour un moment de tranquillit\u00e9 ou pour soulager des douleurs, chaque s\u00e9ance est personnalis\u00e9e pour r\u00e9pondre \u00e0 vos besoins. <\/p>\n\n\n\n<p class=\"has-text-align-left has-text-color has-link-color has-work-sans-regular-font-family wp-elements-afd101d30f33047b2c07bf4b7bf80436\" style=\"color:#ac4848;font-size:clamp(14px, 0.875rem + ((1vw - 3.2px) * 0.114), 15px);\">Accordez-vous ce moment de douceur et de r\u00e9confort, et laissez vos soucis s\u2019envoler !<\/p>\n\n\n\n<div class=\"wp-block-buttons is-layout-flex wp-block-buttons-is-layout-flex\">\n<div class=\"wp-block-button\"><a class=\"wp-block-button__link has-text-color has-background has-link-color has-jost-font-family has-custom-font-size wp-element-button\" href=\"https:\/\/momentum06.fr\/index.php\/contact\/\" style=\"border-radius:0px;color:#ffffff;background-color:#a85d20cf;padding-top:10px;padding-right:20px;padding-bottom:10px;padding-left:20px;font-size:clamp(14px, 0.875rem + ((1vw - 3.2px) * 0.455), 18px);font-style:normal;font-weight:400;letter-spacing:1px\">D\u00e9tendez-Vous<\/a><\/div>\n<\/div>\n<\/div>\n\n\n\n<div class=\"wp-block-column is-layout-flow wp-block-column-is-layout-flow\">\n<figure class=\"wp-block-image alignright size-full\"><img decoding=\"async\" src=\"https:\/\/tyler.com\/wp-content\/uploads\/2023\/11\/Sunshine-Service-4th-Sec-Image.png\" alt=\"\" class=\"wp-image-2920\"\/><\/figure>\n<\/div>\n<\/div>\n<\/div>\n\n\n\n<p>Il est important de noter que le massage ayurv\u00e9dique abhyanga, est un massage bien-\u00eatre qui ne se substitue en aucun cas \u00e0 l&rsquo;avis d&rsquo;un m\u00e9decin ou \u00e0 un traitement m\u00e9dical.<\/p>\n","protected":false},"excerpt":{"rendered":"<p>Massage ayurv\u00e9dique &#8211; Abhyanga \u00e0 Nice : une approche globale du bien-\u00eatre Bienvenue dans un espace d\u00e9di\u00e9 au bien-\u00eatre, \u00e0 l\u2019\u00e9quilibre et \u00e0 la reconnexion \u00e0 soi. Situ\u00e9 \u00e0 Nice, au c\u0153ur du quartier de la Lib\u00e9ration, je vous accueille dans mon espace pour des soins inspir\u00e9s de l\u2019Ayurveda, m\u00e9decine traditionnelle indienne reconnue pour sa [&hellip;]<\/p>\n","protected":false},"author":1,"featured_media":0,"parent":0,"menu_order":0,"comment_status":"closed","ping_status":"closed","template":"","meta":{"footnotes":""},"class_list":["post-223","page","type-page","status-publish","hentry"],"_links":{"self":[{"href":"https:\/\/momentum06.fr\/index.php\/wp-json\/wp\/v2\/pages\/223","targetHints":{"allow":["GET"]}}],"collection":[{"href":"https:\/\/momentum06.fr\/index.php\/wp-json\/wp\/v2\/pages"}],"about":[{"href":"https:\/\/momentum06.fr\/index.php\/wp-json\/wp\/v2\/types\/page"}],"author":[{"embeddable":true,"href":"https:\/\/momentum06.fr\/index.php\/wp-json\/wp\/v2\/users\/1"}],"replies":[{"embeddable":true,"href":"https:\/\/momentum06.fr\/index.php\/wp-json\/wp\/v2\/comments?post=223"}],"version-history":[{"count":34,"href":"https:\/\/momentum06.fr\/index.php\/wp-json\/wp\/v2\/pages\/223\/revisions"}],"predecessor-version":[{"id":410,"href":"https:\/\/momentum06.fr\/index.php\/wp-json\/wp\/v2\/pages\/223\/revisions\/410"}],"wp:attachment":[{"href":"https:\/\/momentum06.fr\/index.php\/wp-json\/wp\/v2\/media?parent=223"}],"curies":[{"name":"wp","href":"https:\/\/api.w.org\/{rel}","templated":true}]}}