{"id":221,"date":"2026-01-12T19:32:09","date_gmt":"2026-01-12T19:32:09","guid":{"rendered":"https:\/\/momentum06.fr\/?page_id=221"},"modified":"2026-04-05T13:57:34","modified_gmt":"2026-04-05T13:57:34","slug":"massage-prenatal-postpartum","status":"publish","type":"page","link":"https:\/\/momentum06.fr\/index.php\/massage-prenatal-postpartum\/","title":{"rendered":"Massage pr\u00e9natal\/postpartum"},"content":{"rendered":"\n<div class=\"wp-block-group alignfull has-background has-global-padding is-layout-constrained wp-container-core-group-is-layout-6e824401 wp-block-group-is-layout-constrained\" style=\"background-color:#ffffff;margin-top:0;margin-bottom:0\">\n<div class=\"wp-block-columns alignwide is-layout-flex wp-container-core-columns-is-layout-28f84493 wp-block-columns-is-layout-flex\">\n<div class=\"wp-block-column is-layout-flow wp-block-column-is-layout-flow\">\n<figure class=\"wp-block-image alignleft size-full\"><img decoding=\"async\" src=\"https:\/\/tyler.com\/wp-content\/uploads\/2023\/11\/Sunshine-Service-1st-Sec-Image.png\" alt=\"\" class=\"wp-image-2912\"\/><\/figure>\n<\/div>\n\n\n\n<div class=\"wp-block-column is-vertically-aligned-center is-layout-flow wp-block-column-is-layout-flow\" style=\"padding-right:var(--wp--preset--spacing--60);padding-left:var(--wp--preset--spacing--60)\">\n<h2 class=\"wp-block-heading has-text-align-center has-text-color has-link-color has-work-sans-regular-font-family wp-elements-2c3526f897c1c2ca46dda22019a52068\" style=\"color:#894545;font-size:clamp(14.642px, 0.915rem + ((1vw - 3.2px) * 0.836), 22px);font-style:normal;font-weight:700\"><strong>Un accompagnement en douceur<\/strong><\/h2>\n\n\n\n<p class=\"has-text-color has-link-color has-work-sans-regular-font-family wp-elements-6e46ff6dd77e4aa1d4db3d2cafddbb00\" style=\"color:#ac4848;font-size:clamp(14px, 0.875rem + ((1vw - 3.2px) * 0.114), 15px);\">La maternit\u00e9 est une p\u00e9riode de profonde transformation, tant sur le plan physique qu\u2019\u00e9motionnel. <\/p>\n\n\n\n<p class=\"has-text-color has-link-color has-work-sans-regular-font-family wp-elements-c97b712d7c11effd0d0d23ad89c96340\" style=\"color:#ac4848;font-size:clamp(14px, 0.875rem + ((1vw - 3.2px) * 0.114), 15px);\">Le <strong>massage pr\u00e9natal<\/strong> et le <strong>massage postpartum<\/strong> sont des soins sp\u00e9cifiquement con\u00e7us pour accompagner la femme avant et apr\u00e8s l\u2019accouchement.<\/p>\n\n\n\n<p class=\"has-text-color has-link-color has-work-sans-regular-font-family wp-elements-2464b954e4361b100d89966d0aed128b\" style=\"color:#ac4848;font-size:clamp(14px, 0.875rem + ((1vw - 3.2px) * 0.114), 15px);\">Ces soins sont propos\u00e9s dans mon <strong>cabinet \u00e0 Nice<\/strong>, dans un cadre s\u00e9curisant et bienveillant.<\/p>\n\n\n\n<div class=\"wp-block-buttons is-layout-flex wp-block-buttons-is-layout-flex\">\n<div class=\"wp-block-button\"><a class=\"wp-block-button__link has-text-color has-background has-link-color has-jost-font-family has-custom-font-size wp-element-button\" href=\"https:\/\/momentum06.fr\/index.php\/contact\/\" style=\"border-radius:0px;color:#ffffff;background-color:#a85d20cf;padding-top:10px;padding-right:20px;padding-bottom:10px;padding-left:20px;font-size:clamp(14px, 0.875rem + ((1vw - 3.2px) * 0.455), 18px);font-style:normal;font-weight:400;letter-spacing:1px\">R\u00e9servez Maintenant<\/a><\/div>\n<\/div>\n<\/div>\n<\/div>\n<\/div>\n\n\n\n<div class=\"wp-block-group alignfull has-background has-global-padding is-layout-constrained wp-container-core-group-is-layout-38ea1a77 wp-block-group-is-layout-constrained\" style=\"background-color:#fffbf0;margin-top:var(--wp--preset--spacing--80);margin-bottom:var(--wp--preset--spacing--80);padding-top:0px;padding-right:0;padding-bottom:0px;padding-left:0\">\n<div class=\"wp-block-columns alignwide is-layout-flex wp-container-core-columns-is-layout-28f84493 wp-block-columns-is-layout-flex\">\n<div class=\"wp-block-column is-vertically-aligned-center is-layout-flow wp-block-column-is-layout-flow\" style=\"padding-right:var(--wp--preset--spacing--60);padding-left:var(--wp--preset--spacing--60)\">\n<h2 class=\"wp-block-heading has-text-align-center has-text-color has-link-color has-work-sans-regular-font-family wp-elements-c310bc0dbc83165c459b047c09186720\" style=\"color:#894545;font-size:clamp(14.642px, 0.915rem + ((1vw - 3.2px) * 0.836), 22px);font-style:normal;font-weight:700\">Massage Pr\u00e9natal<\/h2>\n\n\n\n<p class=\"has-text-color has-link-color has-work-sans-regular-font-family wp-elements-c49198b318f6711a29fc2a9efa6a7ad7\" style=\"color:#ac4848;font-size:clamp(14px, 0.875rem + ((1vw - 3.2px) * 0.114), 15px);\">Le <strong>massage pr\u00e9natal<\/strong> est destin\u00e9 aux femmes enceintes \u00e0 partir du deuxi\u00e8me trimestre de grossesse. Il permet de soulager les tensions li\u00e9es aux changements corporels, tout en favorisant la d\u00e9tente et le bien-\u00eatre.<\/p>\n\n\n\n<p class=\"has-text-color has-link-color has-work-sans-regular-font-family wp-elements-a7b7b3b040400312a28bea6503a736c6\" style=\"color:#ac4848;font-size:clamp(14px, 0.875rem + ((1vw - 3.2px) * 0.114), 15px);\">Les bienfaits du massage pr\u00e9natal incluent :<\/p>\n\n\n\n<ul class=\"wp-block-list\">\n<li class=\"has-text-color has-link-color has-work-sans-regular-font-family wp-elements-a027038e70b7bf64e551cf268274530c\" style=\"color:#ac4848;font-size:clamp(14px, 0.875rem + ((1vw - 3.2px) * 0.114), 15px);\">soulagement des douleurs dorsales et lombaires,<\/li>\n\n\n\n<li class=\"has-text-color has-link-color has-work-sans-regular-font-family wp-elements-5ae6fd167473dc6b5edabeefc061ce21\" style=\"color:#ac4848;font-size:clamp(14px, 0.875rem + ((1vw - 3.2px) * 0.114), 15px);\">am\u00e9lioration de la circulation,<\/li>\n\n\n\n<li class=\"has-text-color has-link-color has-work-sans-regular-font-family wp-elements-08e867703e6e5cceb55ba2aa1c1266e3\" style=\"color:#ac4848;font-size:clamp(14px, 0.875rem + ((1vw - 3.2px) * 0.114), 15px);\">r\u00e9duction du stress et de la fatigue,<\/li>\n\n\n\n<li class=\"has-text-color has-link-color has-work-sans-regular-font-family wp-elements-2b1e84bcebc7ff4d069b5f6d2f738e83\" style=\"color:#ac4848;font-size:clamp(14px, 0.875rem + ((1vw - 3.2px) * 0.114), 15px);\">soutien \u00e9motionnel,<\/li>\n<\/ul>\n\n\n\n<p class=\"has-text-color has-link-color has-work-sans-regular-font-family wp-elements-0b5afc56c4783b3588cc037eed366ea6\" style=\"color:#ac4848;font-size:clamp(14px, 0.875rem + ((1vw - 3.2px) * 0.114), 15px);\">Les gestes sont doux, enveloppants et adapt\u00e9s \u00e0 chaque \u00e9tape de la grossesse.<\/p>\n\n\n\n<div class=\"wp-block-buttons is-layout-flex wp-block-buttons-is-layout-flex\">\n<div class=\"wp-block-button\"><a class=\"wp-block-button__link has-text-color has-background has-link-color has-jost-font-family has-custom-font-size wp-element-button\" href=\"https:\/\/momentum06.fr\/index.php\/contact\/\" style=\"border-radius:0px;color:#ffffff;background-color:#a85d20cf;padding-top:10px;padding-right:20px;padding-bottom:10px;padding-left:20px;font-size:clamp(14px, 0.875rem + ((1vw - 3.2px) * 0.455), 18px);font-style:normal;font-weight:400;letter-spacing:1px\">D\u00e9couvrez le Massage<\/a><\/div>\n<\/div>\n<\/div>\n\n\n\n<div class=\"wp-block-column is-layout-flow wp-block-column-is-layout-flow\">\n<figure class=\"wp-block-image alignright size-full\"><img decoding=\"async\" src=\"https:\/\/tyler.com\/wp-content\/uploads\/2023\/11\/Sunshine-Service-2nd-Sec-Image.png\" alt=\"\" class=\"wp-image-2914\"\/><\/figure>\n<\/div>\n<\/div>\n<\/div>\n\n\n\n<div class=\"wp-block-group alignfull has-background has-global-padding is-layout-constrained wp-container-core-group-is-layout-6e824401 wp-block-group-is-layout-constrained\" style=\"background-color:#ffffff;margin-top:0;margin-bottom:0\">\n<div class=\"wp-block-columns alignwide is-layout-flex wp-container-core-columns-is-layout-28f84493 wp-block-columns-is-layout-flex\">\n<div class=\"wp-block-column is-vertically-aligned-center is-layout-flow wp-block-column-is-layout-flow\" style=\"padding-right:var(--wp--preset--spacing--60);padding-left:var(--wp--preset--spacing--60)\">\n<h2 class=\"wp-block-heading has-text-align-center has-text-color has-link-color has-work-sans-regular-font-family wp-elements-747bd497f930bf5a482b67515fc5177b\" style=\"color:#894545;font-size:clamp(14.642px, 0.915rem + ((1vw - 3.2px) * 0.836), 22px);font-style:normal;font-weight:700\">Massage postpartum<\/h2>\n\n\n\n<p class=\"has-text-color has-link-color has-work-sans-regular-font-family wp-elements-5c39e4049a4074cb647ae2d174a78a46\" style=\"color:#ac4848;font-size:clamp(14px, 0.875rem + ((1vw - 3.2px) * 0.114), 15px);\">Le <strong>massage postpartum<\/strong> accompagne la femme apr\u00e8s l\u2019accouchement, dans cette phase de r\u00e9cup\u00e9ration et de r\u00e9appropriation du corps. Il aide \u00e0 rel\u00e2cher les tensions accumul\u00e9es pendant la grossesse et l\u2019accouchement, tout en favorisant la d\u00e9tente profonde.<\/p>\n\n\n\n<p class=\"has-text-color has-link-color has-work-sans-regular-font-family wp-elements-acf014534741a2c7a87783ee9361d327\" style=\"color:#ac4848;font-size:clamp(14px, 0.875rem + ((1vw - 3.2px) * 0.114), 15px);\">Ce massage permet notamment :<\/p>\n\n\n\n<ul class=\"wp-block-list\">\n<li class=\"has-text-color has-link-color has-work-sans-regular-font-family wp-elements-a027038e70b7bf64e551cf268274530c\" style=\"color:#ac4848;font-size:clamp(14px, 0.875rem + ((1vw - 3.2px) * 0.114), 15px);\">soulagement des douleurs dorsales et lombaires,<\/li>\n\n\n\n<li class=\"has-text-color has-link-color has-work-sans-regular-font-family wp-elements-5ae6fd167473dc6b5edabeefc061ce21\" style=\"color:#ac4848;font-size:clamp(14px, 0.875rem + ((1vw - 3.2px) * 0.114), 15px);\">am\u00e9lioration de la circulation,<\/li>\n\n\n\n<li class=\"has-text-color has-link-color has-work-sans-regular-font-family wp-elements-08e867703e6e5cceb55ba2aa1c1266e3\" style=\"color:#ac4848;font-size:clamp(14px, 0.875rem + ((1vw - 3.2px) * 0.114), 15px);\">r\u00e9duction du stress et de la fatigue,<\/li>\n\n\n\n<li class=\"has-text-color has-link-color has-work-sans-regular-font-family wp-elements-2b1e84bcebc7ff4d069b5f6d2f738e83\" style=\"color:#ac4848;font-size:clamp(14px, 0.875rem + ((1vw - 3.2px) * 0.114), 15px);\">soutien \u00e9motionnel,<\/li>\n<\/ul>\n\n\n\n<div class=\"wp-block-buttons is-layout-flex wp-block-buttons-is-layout-flex\">\n<div class=\"wp-block-button\"><a class=\"wp-block-button__link has-text-color has-background has-link-color has-jost-font-family has-custom-font-size wp-element-button\" href=\"#\" style=\"border-radius:0px;color:#ffffff;background-color:#a85d20cf;padding-top:10px;padding-right:20px;padding-bottom:10px;padding-left:20px;font-size:clamp(14px, 0.875rem + ((1vw - 3.2px) * 0.455), 18px);font-style:normal;font-weight:400;letter-spacing:1px\">R\u00e9servez Votre S\u00e9ance<\/a><\/div>\n<\/div>\n<\/div>\n\n\n\n<div class=\"wp-block-column is-layout-flow wp-block-column-is-layout-flow\">\n<figure class=\"wp-block-image alignleft size-full\"><img decoding=\"async\" src=\"https:\/\/tyler.com\/wp-content\/uploads\/2023\/11\/Sunshine-Service-3rd-Sec-Image.png\" alt=\"\" class=\"wp-image-2916\"\/><\/figure>\n<\/div>\n<\/div>\n<\/div>\n\n\n\n<div class=\"wp-block-group alignfull has-background has-global-padding is-layout-constrained wp-container-core-group-is-layout-38ea1a77 wp-block-group-is-layout-constrained\" style=\"background-color:#fffbf0;margin-top:var(--wp--preset--spacing--80);margin-bottom:var(--wp--preset--spacing--80);padding-top:0px;padding-right:0;padding-bottom:0px;padding-left:0\">\n<div class=\"wp-block-columns alignwide is-layout-flex wp-container-core-columns-is-layout-28f84493 wp-block-columns-is-layout-flex\">\n<div class=\"wp-block-column is-vertically-aligned-center is-layout-flow wp-block-column-is-layout-flow\" style=\"padding-right:var(--wp--preset--spacing--60);padding-left:var(--wp--preset--spacing--60)\">\n<h2 class=\"wp-block-heading has-text-align-center has-text-color has-link-color has-work-sans-regular-font-family wp-elements-54df70b492268c50e9468dce8bc347ff\" style=\"color:#894545;font-size:clamp(14.642px, 0.915rem + ((1vw - 3.2px) * 0.836), 22px);font-style:normal;font-weight:400\"><strong>Un accompagnement bienveillant<\/strong><\/h2>\n\n\n\n<p class=\"has-text-color has-link-color has-work-sans-regular-font-family wp-elements-bfd94633bdd61249db8dca431d2dbda1\" style=\"color:#ac4848;font-size:clamp(14px, 0.875rem + ((1vw - 3.2px) * 0.114), 15px);\">Le <strong>massage pr\u00e9natal<\/strong> et le <strong>massage postpartum<\/strong> sont de v\u00e9ritables soins de soutien, d\u00e9di\u00e9s \u00e0 la femme dans cette p\u00e9riode unique de sa vie. Ces massages offrent un espace de douceur, d\u2019\u00e9coute et de respect, pour accompagner chaque \u00e9tape de la maternit\u00e9 avec s\u00e9r\u00e9nit\u00e9.<\/p>\n\n\n\n<div class=\"wp-block-buttons is-layout-flex wp-block-buttons-is-layout-flex\">\n<div class=\"wp-block-button\"><a class=\"wp-block-button__link has-text-color has-background has-link-color has-jost-font-family has-custom-font-size wp-element-button\" href=\"https:\/\/momentum06.fr\/index.php\/contact\/\" style=\"border-radius:0px;color:#ffffff;background-color:#a85d20cf;padding-top:10px;padding-right:20px;padding-bottom:10px;padding-left:20px;font-size:clamp(14px, 0.875rem + ((1vw - 3.2px) * 0.455), 18px);font-style:normal;font-weight:400;letter-spacing:1px\">D\u00e9tendez-Vous<\/a><\/div>\n<\/div>\n<\/div>\n\n\n\n<div class=\"wp-block-column is-layout-flow wp-block-column-is-layout-flow\">\n<figure class=\"wp-block-image alignright size-full\"><img decoding=\"async\" src=\"https:\/\/tyler.com\/wp-content\/uploads\/2023\/11\/Sunshine-Service-4th-Sec-Image.png\" alt=\"\" class=\"wp-image-2920\"\/><\/figure>\n<\/div>\n<\/div>\n<\/div>\n\n\n\n<p>Le massage relaxant est une pratique de bien-\u00eatre \u00e0 vis\u00e9e non th\u00e9rapeutique. Il ne s\u2019apparente en aucun cas \u00e0 un acte m\u00e9dical, param\u00e9dical ou de kin\u00e9sith\u00e9rapie et ne remplace pas un suivi m\u00e9dical.<\/p>\n","protected":false},"excerpt":{"rendered":"<p>Un accompagnement en douceur La maternit\u00e9 est une p\u00e9riode de profonde transformation, tant sur le plan physique qu\u2019\u00e9motionnel. Le massage pr\u00e9natal et le massage postpartum sont des soins sp\u00e9cifiquement con\u00e7us pour accompagner la femme avant et apr\u00e8s l\u2019accouchement. Ces soins sont propos\u00e9s dans mon cabinet \u00e0 Nice, dans un cadre s\u00e9curisant et bienveillant. Massage Pr\u00e9natal [&hellip;]<\/p>\n","protected":false},"author":1,"featured_media":0,"parent":0,"menu_order":0,"comment_status":"closed","ping_status":"closed","template":"","meta":{"footnotes":""},"class_list":["post-221","page","type-page","status-publish","hentry"],"_links":{"self":[{"href":"https:\/\/momentum06.fr\/index.php\/wp-json\/wp\/v2\/pages\/221","targetHints":{"allow":["GET"]}}],"collection":[{"href":"https:\/\/momentum06.fr\/index.php\/wp-json\/wp\/v2\/pages"}],"about":[{"href":"https:\/\/momentum06.fr\/index.php\/wp-json\/wp\/v2\/types\/page"}],"author":[{"embeddable":true,"href":"https:\/\/momentum06.fr\/index.php\/wp-json\/wp\/v2\/users\/1"}],"replies":[{"embeddable":true,"href":"https:\/\/momentum06.fr\/index.php\/wp-json\/wp\/v2\/comments?post=221"}],"version-history":[{"count":17,"href":"https:\/\/momentum06.fr\/index.php\/wp-json\/wp\/v2\/pages\/221\/revisions"}],"predecessor-version":[{"id":426,"href":"https:\/\/momentum06.fr\/index.php\/wp-json\/wp\/v2\/pages\/221\/revisions\/426"}],"wp:attachment":[{"href":"https:\/\/momentum06.fr\/index.php\/wp-json\/wp\/v2\/media?parent=221"}],"curies":[{"name":"wp","href":"https:\/\/api.w.org\/{rel}","templated":true}]}}