{"id":196,"date":"2026-01-12T17:28:40","date_gmt":"2026-01-12T17:28:40","guid":{"rendered":"https:\/\/momentum06.fr\/?page_id=196"},"modified":"2026-04-05T14:37:17","modified_gmt":"2026-04-05T14:37:17","slug":"massages","status":"publish","type":"page","link":"https:\/\/momentum06.fr\/index.php\/massages\/","title":{"rendered":"Massages"},"content":{"rendered":"\n<div class=\"wp-block-group alignfull has-background has-global-padding is-layout-constrained wp-container-core-group-is-layout-a62fa364 wp-block-group-is-layout-constrained\" style=\"background-color:#ffffff;margin-top:0;margin-bottom:0;padding-top:0px;padding-bottom:0px\">\n<div class=\"wp-block-columns alignwide is-layout-flex wp-container-core-columns-is-layout-28f84493 wp-block-columns-is-layout-flex\">\n<div class=\"wp-block-column is-layout-flow wp-block-column-is-layout-flow\">\n<figure class=\"wp-block-image alignleft size-full\"><img decoding=\"async\" src=\"https:\/\/tyler.com\/wp-content\/uploads\/2023\/11\/Sunshine-Service-1st-Sec-Image.png\" alt=\"\" class=\"wp-image-2912\"\/><\/figure>\n<\/div>\n\n\n\n<div class=\"wp-block-column is-vertically-aligned-center is-layout-flow wp-block-column-is-layout-flow\" style=\"padding-right:var(--wp--preset--spacing--60);padding-left:var(--wp--preset--spacing--60)\">\n<h2 class=\"wp-block-heading has-text-color has-link-color has-work-sans-regular-font-family wp-elements-4f6e29304f547dcd958d3e465eea34c8\" style=\"color:#894545;font-size:clamp(14.642px, 0.915rem + ((1vw - 3.2px) * 0.836), 22px);font-style:normal;font-weight:700\">Massage Ayurv\u00e9dique<\/h2>\n\n\n\n<p class=\"has-text-color has-link-color has-work-sans-regular-font-family wp-elements-24511c8e37638cd4dfd23ce817f01844\" style=\"color:#ac4848;font-size:clamp(14px, 0.875rem + ((1vw - 3.2px) * 0.341), 17px);font-style:normal;font-weight:400\">Le massage ayurv\u00e9dique est un voyage sensoriel unique qui harmonise votre corps et votre esprit. Inspir\u00e9 de la sagesse ancienne de l\u2019Inde, ce massage utilise des huiles chaudes et des techniques sp\u00e9cifiques pour lib\u00e9rer les tensions et stimuler la circulation. <\/p>\n\n\n\n<p class=\"has-text-color has-link-color has-work-sans-regular-font-family wp-elements-6997b4a0dc6959f990379d127ee714ca\" style=\"color:#ac4848;font-size:clamp(14px, 0.875rem + ((1vw - 3.2px) * 0.341), 17px);font-style:normal;font-weight:400\">Id\u00e9al pour les femmes, il aide \u00e0 \u00e9quilibrer les \u00e9nergies et \u00e0 renforcer le bien-\u00eatre physique et \u00e9motionnel. Que vous recherchiez relaxation, \u00e9nergie ou soulagement du stress, ce soin est fait pour vous. <\/p>\n\n\n\n<p class=\"has-text-color has-link-color has-work-sans-regular-font-family wp-elements-c99905fa539604d0acacb2479d35736c\" style=\"color:#ac4848;font-size:clamp(14px, 0.875rem + ((1vw - 3.2px) * 0.341), 17px);font-style:normal;font-weight:400\">Offrez-vous ce moment de paix et de r\u00e9\u00e9quilibre, et laissez les bienfaits des traditions anciennes vous envelopper. Prenez le temps de vous reconnecter !<\/p>\n\n\n\n<div class=\"wp-block-buttons is-layout-flex wp-block-buttons-is-layout-flex\">\n<div class=\"wp-block-button\"><a class=\"wp-block-button__link has-text-color has-background has-link-color has-jost-font-family has-custom-font-size wp-element-button\" href=\"https:\/\/momentum06.fr\/index.php\/massage-ayurvedique\/\" style=\"border-radius:0px;color:#ffffff;background-color:#a85d20cf;padding-top:10px;padding-right:20px;padding-bottom:10px;padding-left:20px;font-size:clamp(14px, 0.875rem + ((1vw - 3.2px) * 0.455), 18px);font-style:normal;font-weight:400;letter-spacing:1px\">D\u00e9couvrez Plus<\/a><\/div>\n<\/div>\n<\/div>\n<\/div>\n<\/div>\n\n\n\n<div class=\"wp-block-group alignfull has-background has-global-padding is-layout-constrained wp-container-core-group-is-layout-b8853fcf wp-block-group-is-layout-constrained\" style=\"background-color:#fffbf0;margin-top:var(--wp--preset--spacing--80);margin-bottom:var(--wp--preset--spacing--80);padding-top:0px;padding-bottom:0px\">\n<div class=\"wp-block-columns alignwide is-layout-flex wp-container-core-columns-is-layout-28f84493 wp-block-columns-is-layout-flex\">\n<div class=\"wp-block-column is-vertically-aligned-center is-layout-flow wp-block-column-is-layout-flow\" style=\"padding-right:var(--wp--preset--spacing--60);padding-left:var(--wp--preset--spacing--60)\">\n<h2 class=\"wp-block-heading has-text-color has-link-color has-work-sans-regular-font-family wp-elements-6c3ffaf975c7a3875fe304111032b218\" style=\"color:#894545;font-size:clamp(14.642px, 0.915rem + ((1vw - 3.2px) * 0.836), 22px);font-style:normal;font-weight:700\">Massages relaxant Pr\u00e9natal et postpartum<\/h2>\n\n\n\n<p class=\"has-text-color has-link-color has-work-sans-regular-font-family wp-elements-37033dde22142714be16194f88b2bff7\" style=\"color:#ac4848;font-size:clamp(14px, 0.875rem + ((1vw - 3.2px) * 0.341), 17px);\">Le massages bien-\u00eatre est une v\u00e9ritable pause douceur pour toutes les femmes. <\/p>\n\n\n\n<p class=\"has-text-color has-link-color has-work-sans-regular-font-family wp-elements-77321b70baea110dce8adfff4f47a8c4\" style=\"color:#ac4848;font-size:clamp(14px, 0.875rem + ((1vw - 3.2px) * 0.341), 17px);\">Que vous ayez besoin de d\u00e9tente, de confort pendant la grossesse ou de soins apr\u00e8s l&rsquo;accouchement, je suis l\u00e0 pour vous. Chaque massage est adapt\u00e9 \u00e0 vos besoins sp\u00e9cifiques. <\/p>\n\n\n\n<p class=\"has-text-color has-link-color has-work-sans-regular-font-family wp-elements-7fd74447b2f22a11a562f8e280dbfdad\" style=\"color:#ac4848;font-size:clamp(14px, 0.875rem + ((1vw - 3.2px) * 0.341), 17px);\">Le massage pr\u00e9natal aide \u00e0 soulager les tensions et pr\u00e9parer le corps \u00e0 l&rsquo;accouchement, tandis que le massage postpartum favorise la r\u00e9cup\u00e9ration et renforce le lien avec votre b\u00e9b\u00e9. <\/p>\n\n\n\n<p class=\"has-text-color has-link-color has-work-sans-regular-font-family wp-elements-47e14672dba499d4e67fe7b01b352702\" style=\"color:#ac4848;font-size:clamp(14px, 0.875rem + ((1vw - 3.2px) * 0.341), 17px);\">Avec des techniques relaxantes et apaisantes, je vous invite \u00e0 vivre un moment de s\u00e9r\u00e9nit\u00e9. <\/p>\n\n\n\n<p class=\"has-text-color has-link-color has-work-sans-regular-font-family wp-elements-8d42a62edda51596eeee05bc396756bd\" style=\"color:#ac4848;font-size:clamp(14px, 0.875rem + ((1vw - 3.2px) * 0.341), 17px);\">Offrez-vous ce cadeau de bien-\u00eatre, car vous le m\u00e9ritez !<\/p>\n\n\n\n<div class=\"wp-block-buttons is-layout-flex wp-block-buttons-is-layout-flex\">\n<div class=\"wp-block-button\"><a class=\"wp-block-button__link has-text-color has-background has-link-color has-jost-font-family has-custom-font-size wp-element-button\" href=\"https:\/\/momentum06.fr\/index.php\/massage-prenatal-postpartum\/\" style=\"border-radius:0px;color:#ffffff;background-color:#a85d20cf;padding-top:10px;padding-right:20px;padding-bottom:10px;padding-left:20px;font-size:clamp(14px, 0.875rem + ((1vw - 3.2px) * 0.455), 18px);font-style:normal;font-weight:400;letter-spacing:1px\">R\u00e9servez Maintenant<\/a><\/div>\n<\/div>\n<\/div>\n\n\n\n<div class=\"wp-block-column is-layout-flow wp-block-column-is-layout-flow\">\n<figure class=\"wp-block-image alignright size-full\"><img decoding=\"async\" src=\"https:\/\/tyler.com\/wp-content\/uploads\/2023\/11\/Sunshine-Service-2nd-Sec-Image.png\" alt=\"\" class=\"wp-image-2914\"\/><\/figure>\n<\/div>\n<\/div>\n<\/div>\n\n\n\n<div class=\"wp-block-group alignfull has-background has-global-padding is-layout-constrained wp-container-core-group-is-layout-0970061e wp-block-group-is-layout-constrained\" style=\"background-color:#ffffff;margin-top:0;margin-bottom:0;padding-top:0px;padding-right:0;padding-bottom:0px;padding-left:0\">\n<div class=\"wp-block-columns alignwide is-layout-flex wp-container-core-columns-is-layout-28f84493 wp-block-columns-is-layout-flex\">\n<div class=\"wp-block-column is-layout-flow wp-block-column-is-layout-flow\">\n<figure class=\"wp-block-image alignleft size-full\"><img decoding=\"async\" src=\"https:\/\/tyler.com\/wp-content\/uploads\/2023\/11\/Sunshine-Service-3rd-Sec-Image.png\" alt=\"\" class=\"wp-image-2916\"\/><\/figure>\n<\/div>\n\n\n\n<div class=\"wp-block-column is-vertically-aligned-center is-layout-flow wp-block-column-is-layout-flow\" style=\"padding-right:var(--wp--preset--spacing--60);padding-left:var(--wp--preset--spacing--60)\">\n<h2 class=\"wp-block-heading has-text-color has-link-color has-work-sans-regular-font-family wp-elements-8180288608dfcea17fb693f0cc426d87\" style=\"color:#894545;font-size:clamp(14.642px, 0.915rem + ((1vw - 3.2px) * 0.836), 22px);font-style:normal;font-weight:700\">Massage relaxant <\/h2>\n\n\n\n<p class=\"has-text-color has-link-color has-work-sans-regular-font-family wp-elements-77ae62d4a2b7977414eea9d4c109de1e\" style=\"color:#ac4848;font-size:clamp(14px, 0.875rem + ((1vw - 3.2px) * 0.568), 19px);\">Le massage relaxant bien-\u00eatre relaxant <\/p>\n\n\n\n<div class=\"wp-block-buttons is-layout-flex wp-block-buttons-is-layout-flex\">\n<div class=\"wp-block-button\"><a class=\"wp-block-button__link has-text-color has-background has-link-color has-jost-font-family has-custom-font-size wp-element-button\" href=\"https:\/\/momentum06.fr\/index.php\/massage-relaxant\/\" style=\"border-radius:0px;color:#ffffff;background-color:#a85d20cf;padding-top:10px;padding-right:20px;padding-bottom:10px;padding-left:20px;font-size:clamp(14px, 0.875rem + ((1vw - 3.2px) * 0.455), 18px);font-style:normal;font-weight:400;letter-spacing:1px\">CONTACT US<\/a><\/div>\n<\/div>\n<\/div>\n<\/div>\n<\/div>\n\n\n\n<p><\/p>\n","protected":false},"excerpt":{"rendered":"<p>Massage Ayurv\u00e9dique Le massage ayurv\u00e9dique est un voyage sensoriel unique qui harmonise votre corps et votre esprit. Inspir\u00e9 de la sagesse ancienne de l\u2019Inde, ce massage utilise des huiles chaudes et des techniques sp\u00e9cifiques pour lib\u00e9rer les tensions et stimuler la circulation. Id\u00e9al pour les femmes, il aide \u00e0 \u00e9quilibrer les \u00e9nergies et \u00e0 renforcer [&hellip;]<\/p>\n","protected":false},"author":1,"featured_media":0,"parent":0,"menu_order":2,"comment_status":"closed","ping_status":"closed","template":"","meta":{"footnotes":""},"class_list":["post-196","page","type-page","status-publish","hentry"],"_links":{"self":[{"href":"https:\/\/momentum06.fr\/index.php\/wp-json\/wp\/v2\/pages\/196","targetHints":{"allow":["GET"]}}],"collection":[{"href":"https:\/\/momentum06.fr\/index.php\/wp-json\/wp\/v2\/pages"}],"about":[{"href":"https:\/\/momentum06.fr\/index.php\/wp-json\/wp\/v2\/types\/page"}],"author":[{"embeddable":true,"href":"https:\/\/momentum06.fr\/index.php\/wp-json\/wp\/v2\/users\/1"}],"replies":[{"embeddable":true,"href":"https:\/\/momentum06.fr\/index.php\/wp-json\/wp\/v2\/comments?post=196"}],"version-history":[{"count":11,"href":"https:\/\/momentum06.fr\/index.php\/wp-json\/wp\/v2\/pages\/196\/revisions"}],"predecessor-version":[{"id":440,"href":"https:\/\/momentum06.fr\/index.php\/wp-json\/wp\/v2\/pages\/196\/revisions\/440"}],"wp:attachment":[{"href":"https:\/\/momentum06.fr\/index.php\/wp-json\/wp\/v2\/media?parent=196"}],"curies":[{"name":"wp","href":"https:\/\/api.w.org\/{rel}","templated":true}]}}