{"id":194,"date":"2026-01-12T17:28:28","date_gmt":"2026-01-12T17:28:28","guid":{"rendered":"https:\/\/momentum06.fr\/?page_id=194"},"modified":"2026-04-05T13:49:54","modified_gmt":"2026-04-05T13:49:54","slug":"naturopathie","status":"publish","type":"page","link":"https:\/\/momentum06.fr\/index.php\/naturopathie\/","title":{"rendered":"Naturopathie"},"content":{"rendered":"\n<div class=\"wp-block-group alignfull has-background has-global-padding is-layout-constrained wp-container-core-group-is-layout-a62fa364 wp-block-group-is-layout-constrained\" style=\"background-color:#ffffff;margin-top:0;margin-bottom:0;padding-top:0px;padding-bottom:0px\">\n<div class=\"wp-block-columns alignwide is-layout-flex wp-container-core-columns-is-layout-28f84493 wp-block-columns-is-layout-flex\">\n<div class=\"wp-block-column is-layout-flow wp-block-column-is-layout-flow\">\n<figure class=\"wp-block-image alignleft size-full\"><img decoding=\"async\" src=\"https:\/\/tyler.com\/wp-content\/uploads\/2023\/11\/Sunshine-Service-1st-Sec-Image.png\" alt=\"\" class=\"wp-image-2912\"\/><\/figure>\n<\/div>\n\n\n\n<div class=\"wp-block-column is-vertically-aligned-center is-layout-flow wp-block-column-is-layout-flow\" style=\"padding-right:var(--wp--preset--spacing--60);padding-left:var(--wp--preset--spacing--60)\">\n<h2 class=\"wp-block-heading has-text-align-center has-text-color has-link-color has-work-sans-regular-font-family wp-elements-aba05850cbe02209aa6a6374e75845ff\" style=\"color:#894545;font-size:clamp(14.642px, 0.915rem + ((1vw - 3.2px) * 0.836), 22px);font-style:normal;font-weight:700\"><strong>Accompagner la femme \u00e0 chaque \u00e9tape de sa vie<\/strong><\/h2>\n\n\n\n<p class=\"has-text-color has-link-color has-work-sans-regular-font-family wp-elements-800cdf25d99e4c7f741f686af7d36f8a\" style=\"color:#ac4848;font-size:clamp(14px, 0.875rem + ((1vw - 3.2px) * 0.114), 15px);\">La naturopathie est une approche holistique qui cherche \u00e0 maintenir et \u00e0 soutenir l\u2019\u00e9quilibre naturel du corps. Elle s\u2019adresse \u00e0 la femme dans toutes ses dimensions : physique, \u00e9motionnelle, et mentale.<\/p>\n\n\n\n<p class=\"has-text-color has-link-color has-work-sans-regular-font-family wp-elements-abb28d5a4afac8d6d29c0822a45501fe\" style=\"color:#ac4848;font-size:clamp(14px, 0.875rem + ((1vw - 3.2px) * 0.114), 15px);\">Je propose un accompagnement personnalis\u00e9, respectueux du rythme, de l\u2019histoire et des besoins sp\u00e9cifiques de chaque femme.<\/p>\n\n\n\n<p class=\"has-text-color has-link-color has-work-sans-regular-font-family wp-elements-070cd2360bd3ccb9c851e21e7f8a54ba\" style=\"color:#ac4848;font-size:clamp(14px, 0.875rem + ((1vw - 3.2px) * 0.114), 15px);\">La vie f\u00e9minine est jalonn\u00e9e de nombreuses \u00e9tapes, souvent marqu\u00e9es par des changements hormonaux, \u00e9motionnels et physiologiques. <\/p>\n\n\n\n<p class=\"has-text-color has-link-color has-work-sans-regular-font-family wp-elements-9ef7fd96237a99eaa94380b7c2e99e8a\" style=\"color:#ac4848;font-size:clamp(14px, 0.875rem + ((1vw - 3.2px) * 0.114), 15px);\">De la pubert\u00e9 \u00e0 la m\u00e9nopause, en passant par la maternit\u00e9 ou les p\u00e9riodes de transition personnelle, la naturopathie offre des outils naturels pour mieux vivre ces passages et soutenir les capacit\u00e9s d\u2019auto-r\u00e9gulation du corps.<\/p>\n\n\n\n<div class=\"wp-block-buttons is-layout-flex wp-block-buttons-is-layout-flex\">\n<div class=\"wp-block-button\"><a class=\"wp-block-button__link has-text-color has-background has-link-color has-jost-font-family has-custom-font-size wp-element-button\" href=\"https:\/\/momentum06.fr\/index.php\/contact\/\" style=\"border-radius:0px;color:#ffffff;background-color:#a85d20cf;padding-top:10px;padding-right:20px;padding-bottom:10px;padding-left:20px;font-size:clamp(14px, 0.875rem + ((1vw - 3.2px) * 0.455), 18px);font-style:normal;font-weight:400;letter-spacing:1px\">R\u00e9servez Maintenant<\/a><\/div>\n<\/div>\n<\/div>\n<\/div>\n<\/div>\n\n\n\n<div class=\"wp-block-group alignfull has-background has-global-padding is-layout-constrained wp-container-core-group-is-layout-38ea1a77 wp-block-group-is-layout-constrained\" style=\"background-color:#fffbf0;margin-top:var(--wp--preset--spacing--80);margin-bottom:var(--wp--preset--spacing--80);padding-top:0px;padding-right:0;padding-bottom:0px;padding-left:0\">\n<div class=\"wp-block-columns alignwide is-layout-flex wp-container-core-columns-is-layout-28f84493 wp-block-columns-is-layout-flex\">\n<div class=\"wp-block-column is-vertically-aligned-center is-layout-flow wp-block-column-is-layout-flow\" style=\"padding-right:var(--wp--preset--spacing--60);padding-left:var(--wp--preset--spacing--60)\">\n<h2 class=\"wp-block-heading has-text-color has-link-color has-work-sans-regular-font-family wp-elements-2aa846f22f88491659eb5663fdbcedd0\" style=\"color:#894545;font-size:clamp(14.642px, 0.915rem + ((1vw - 3.2px) * 0.836), 22px);font-style:normal;font-weight:700\"><strong>Une naturopathie au f\u00e9minin<\/strong><\/h2>\n\n\n\n<p class=\"has-text-color has-link-color has-work-sans-regular-font-family wp-elements-c0e0e56870d219cb031d2cdf9510bdbe\" style=\"color:#ac4848;font-size:clamp(14px, 0.875rem + ((1vw - 3.2px) * 0.114), 15px);\">La naturopathie consid\u00e8re la femme comme un tout indissociable. Les d\u00e9s\u00e9quilibres physiques sont souvent li\u00e9s \u00e0 des facteurs \u00e9motionnels, environnementaux ou li\u00e9s au mode de vie. <\/p>\n\n\n\n<p class=\"has-text-color has-link-color has-work-sans-regular-font-family wp-elements-cd47d8a657e968697ce40e50ac701e03\" style=\"color:#ac4848;font-size:clamp(14px, 0.875rem + ((1vw - 3.2px) * 0.114), 15px);\">L\u2019objectif n\u2019est pas de masquer les sympt\u00f4mes, mais d\u2019en comprendre l\u2019origine afin de restaurer un \u00e9quilibre durable.<\/p>\n\n\n\n<p class=\"has-text-color has-link-color has-work-sans-regular-font-family wp-elements-70d2388d69b4b20bdd2fb956aaf5584d\" style=\"color:#ac4848;font-size:clamp(14px, 0.875rem + ((1vw - 3.2px) * 0.114), 15px);\">Dans l\u2019espace bien-\u00eatre, Momentum, situ\u00e9 \u00e0 Nice, chaque consultation d\u00e9bute par un temps d\u2019\u00e9coute approfondi. <\/p>\n\n\n\n<p class=\"has-text-color has-link-color has-work-sans-regular-font-family wp-elements-cd6e5dc6527eb56309b791f983a8050d\" style=\"color:#ac4848;font-size:clamp(14px, 0.875rem + ((1vw - 3.2px) * 0.114), 15px);\">Cet \u00e9change permet de mieux comprendre votre \u00ab\u00a0terrain\u00a0\u00bb, vos habitudes de vie, votre alimentation, votre niveau de stress et votre \u00e9tat \u00e9motionnel. Cet accompagnement sur mesure est essentiel pour proposer des conseils adapt\u00e9s et efficaces.<\/p>\n\n\n\n<div class=\"wp-block-buttons is-layout-flex wp-block-buttons-is-layout-flex\">\n<div class=\"wp-block-button\"><a class=\"wp-block-button__link has-text-color has-background has-link-color has-jost-font-family has-custom-font-size wp-element-button\" href=\"#\" style=\"border-radius:0px;color:#ffffff;background-color:#f8a101;padding-top:10px;padding-right:20px;padding-bottom:10px;padding-left:20px;font-size:clamp(14px, 0.875rem + ((1vw - 3.2px) * 0.455), 18px);font-style:normal;font-weight:400;letter-spacing:1px\">D\u00e9tente Instantan\u00e9e<\/a><\/div>\n<\/div>\n<\/div>\n\n\n\n<div class=\"wp-block-column is-layout-flow wp-block-column-is-layout-flow\">\n<figure class=\"wp-block-image alignright size-full\"><img decoding=\"async\" src=\"https:\/\/tyler.com\/wp-content\/uploads\/2023\/11\/Sunshine-Service-2nd-Sec-Image.png\" alt=\"\" class=\"wp-image-2914\"\/><\/figure>\n<\/div>\n<\/div>\n<\/div>\n\n\n\n<div class=\"wp-block-group alignfull has-background has-global-padding is-layout-constrained wp-container-core-group-is-layout-a62fa364 wp-block-group-is-layout-constrained\" style=\"background-color:#ffffff;margin-top:0;margin-bottom:0;padding-top:0px;padding-bottom:0px\">\n<div class=\"wp-block-columns alignwide is-layout-flex wp-container-core-columns-is-layout-28f84493 wp-block-columns-is-layout-flex\">\n<div class=\"wp-block-column is-layout-flow wp-block-column-is-layout-flow\">\n<figure class=\"wp-block-image alignleft size-full\"><img decoding=\"async\" src=\"https:\/\/tyler.com\/wp-content\/uploads\/2023\/11\/Sunshine-Service-3rd-Sec-Image.png\" alt=\"\" class=\"wp-image-2916\"\/><\/figure>\n<\/div>\n\n\n\n<div class=\"wp-block-column is-vertically-aligned-center is-layout-flow wp-block-column-is-layout-flow\" style=\"padding-top:0;padding-right:var(--wp--preset--spacing--60);padding-bottom:0;padding-left:var(--wp--preset--spacing--60)\">\n<h2 class=\"wp-block-heading has-text-color has-link-color has-work-sans-regular-font-family wp-elements-291ace722f8396b191e03ab0e5b9bbe8\" style=\"color:#894545;font-size:clamp(14.642px, 0.915rem + ((1vw - 3.2px) * 0.836), 22px);\"><strong>Pour quelles probl\u00e9matiques ?<\/strong><\/h2>\n\n\n\n<p class=\"has-text-color has-link-color has-work-sans-regular-font-family wp-elements-71a5b867b13d5dd6f18666bd1843ad30\" style=\"color:#ac4848;font-size:clamp(14px, 0.875rem + ((1vw - 3.2px) * 0.114), 15px);\">Chaque \u00e9tape de sa vie s\u2019accompagne de transformations, de questionnements, de d\u00e9s\u00e9quilibres et parfois d\u2019inqui\u00e9tudes.<\/p>\n\n\n\n<p class=\"has-text-color has-link-color has-work-sans-regular-font-family wp-elements-6b7e346e09d7c28e51a44c164f42f245\" style=\"color:#ac4848;font-size:clamp(14px, 0.875rem + ((1vw - 3.2px) * 0.114), 15px);\">La naturopathie peut \u00eatre un moyen pour l\u2019accompagner dans ses changements, notamment :<\/p>\n\n\n\n<ul style=\"font-size:clamp(14px, 0.875rem + ((1vw - 3.2px) * 0.114), 15px);\" class=\"wp-block-list has-hedvig-letters-serif-regular-font-family\">\n<li class=\"has-text-color has-link-color has-work-sans-regular-font-family wp-elements-65046f8546cf4089d07055f0259c671c\" style=\"color:#ac4848;font-size:clamp(14px, 0.875rem + ((1vw - 3.2px) * 0.114), 15px);\">troubles du cycle menstruel (douleurs, irr\u00e9gularit\u00e9s, SPM),<\/li>\n\n\n\n<li class=\"has-text-color has-link-color has-work-sans-regular-font-family wp-elements-b5719c79836d16dbcdde70e9c2d77d2f\" style=\"color:#ac4848;font-size:clamp(14px, 0.875rem + ((1vw - 3.2px) * 0.114), 15px);\">soutien du terrain pour les cas d&rsquo;endom\u00e9triose, de S.O.P.K<\/li>\n\n\n\n<li class=\"has-text-color has-link-color has-work-sans-regular-font-family wp-elements-bbba61a35e54eca92aa781607c22d5fb\" style=\"color:#ac4848;font-size:clamp(14px, 0.875rem + ((1vw - 3.2px) * 0.114), 15px);\">fatigue chronique, surcharge mentale et stress,<\/li>\n\n\n\n<li class=\"has-text-color has-link-color has-work-sans-regular-font-family wp-elements-43b49a1c5aa5f7f296e7709017df1f75\" style=\"color:#ac4848;font-size:clamp(14px, 0.875rem + ((1vw - 3.2px) * 0.114), 15px);\">troubles digestifs,<\/li>\n\n\n\n<li class=\"has-text-color has-link-color has-work-sans-regular-font-family wp-elements-ae52eb9553d97d0e84bf235af09c43d5\" style=\"color:#ac4848;font-size:clamp(14px, 0.875rem + ((1vw - 3.2px) * 0.114), 15px);\">accompagnement de la fertilit\u00e9,<\/li>\n\n\n\n<li class=\"has-text-color has-link-color has-work-sans-regular-font-family wp-elements-4478288736b5e8313aee24b6071e90ce\" style=\"color:#ac4848;font-size:clamp(14px, 0.875rem + ((1vw - 3.2px) * 0.114), 15px);\">grossesse et post-partum,<\/li>\n\n\n\n<li class=\"has-text-color has-link-color has-work-sans-regular-font-family wp-elements-086ab6eeb6d01029967224f39e17413d\" style=\"color:#ac4848;font-size:clamp(14px, 0.875rem + ((1vw - 3.2px) * 0.114), 15px);\">pr\u00e9m\u00e9nopause, p\u00e9rim\u00e9nopause et m\u00e9nopause,<\/li>\n\n\n\n<li class=\"has-text-color has-link-color has-work-sans-regular-font-family wp-elements-9bea35ac86768f543b1f6bfb5ca32cc5\" style=\"color:#ac4848;font-size:clamp(14px, 0.875rem + ((1vw - 3.2px) * 0.114), 15px);\">besoin de retrouver \u00e9nergie, \u00e9quilibre et bien-\u00eatre global.<\/li>\n<\/ul>\n\n\n\n<p class=\"has-text-color has-link-color has-work-sans-regular-font-family wp-elements-cc0f0c94b6ccece8d64e37c061c87cfa\" style=\"color:#ac4848;font-size:clamp(14px, 0.875rem + ((1vw - 3.2px) * 0.114), 15px);\">L\u2019accompagnement en naturopathie repose principalement sur :<\/p>\n\n\n\n<ul class=\"wp-block-list\">\n<li class=\"has-text-color has-link-color has-work-sans-regular-font-family wp-elements-ca66d3d95b3deb85161ad8518c46852c\" style=\"color:#ac4848;font-size:clamp(14px, 0.875rem + ((1vw - 3.2px) * 0.114), 15px);\">l\u2019alimentation adapt\u00e9e au terrain,<\/li>\n\n\n\n<li class=\"has-text-color has-link-color has-work-sans-regular-font-family wp-elements-4e262ff549cacf8d797cfd9568de1d11\" style=\"color:#ac4848;font-size:clamp(14px, 0.875rem + ((1vw - 3.2px) * 0.114), 15px);\">l\u2019hygi\u00e8ne de vie,<\/li>\n\n\n\n<li class=\"has-text-color has-link-color has-work-sans-regular-font-family wp-elements-89bce95e40eb93ffef309709c4b7d53f\" style=\"color:#ac4848;font-size:clamp(14px, 0.875rem + ((1vw - 3.2px) * 0.114), 15px);\">la gestion du stress et des \u00e9motions,<\/li>\n\n\n\n<li class=\"has-text-color has-link-color has-work-sans-regular-font-family wp-elements-ab23f0072415b9ddf4934fe0cb2ad74e\" style=\"color:#ac4848;font-size:clamp(14px, 0.875rem + ((1vw - 3.2px) * 0.114), 15px);\">la phytoth\u00e9rapie et l\u2019aromath\u00e9rapie,<\/li>\n\n\n\n<li class=\"has-text-color has-link-color has-work-sans-regular-font-family wp-elements-e97302afed143e4b4a442e73bcda21b7\" style=\"color:#ac4848;font-size:clamp(14px, 0.875rem + ((1vw - 3.2px) * 0.114), 15px);\">les techniques de relaxation et de respiration.<\/li>\n<\/ul>\n\n\n\n<p class=\"has-text-color has-link-color has-work-sans-regular-font-family wp-elements-7a7b21f392b5c507ba13e15ab7cbd70c\" style=\"color:#ac4848;font-size:clamp(14px, 0.875rem + ((1vw - 3.2px) * 0.114), 15px);\">Chaque conseil est personnalis\u00e9 en fonction des probl\u00e9matiques et des causes identifi\u00e9es.<\/p>\n\n\n\n<p class=\"has-text-color has-link-color has-work-sans-regular-font-family wp-elements-2bb4ab55ad0da8a2f5008c2b13dda312\" style=\"color:#ac4848;font-size:clamp(14px, 0.875rem + ((1vw - 3.2px) * 0.114), 15px);\">La naturopathie va rechercher la cause, de la cause, de la cause\u2026. des troubles.<\/p>\n\n\n\n<div class=\"wp-block-buttons is-layout-flex wp-block-buttons-is-layout-flex\">\n<div class=\"wp-block-button\"><a class=\"wp-block-button__link has-text-color has-background has-link-color has-jost-font-family has-custom-font-size wp-element-button\" href=\"#\" style=\"border-radius:0px;color:#ffffff;background-color:#a85d20cf;padding-top:10px;padding-right:20px;padding-bottom:10px;padding-left:20px;font-size:clamp(14px, 0.875rem + ((1vw - 3.2px) * 0.455), 18px);font-style:normal;font-weight:400;letter-spacing:1px\">Essayez Maintenant<\/a><\/div>\n<\/div>\n<\/div>\n<\/div>\n<\/div>\n\n\n\n<div class=\"wp-block-group alignfull has-background has-global-padding is-layout-constrained wp-container-core-group-is-layout-6259f666 wp-block-group-is-layout-constrained\" style=\"background-color:#ffffff;padding-top:0px;padding-right:0;padding-bottom:0px;padding-left:0\">\n<p>Il est important de noter que les conseils en naturopathie ne se substituent en aucun cas \u00e0 l&rsquo;avis d&rsquo;un m\u00e9decin ou \u00e0 un traitement m\u00e9dical.<\/p>\n<\/div>\n","protected":false},"excerpt":{"rendered":"<p>Accompagner la femme \u00e0 chaque \u00e9tape de sa vie La naturopathie est une approche holistique qui cherche \u00e0 maintenir et \u00e0 soutenir l\u2019\u00e9quilibre naturel du corps. Elle s\u2019adresse \u00e0 la femme dans toutes ses dimensions : physique, \u00e9motionnelle, et mentale. Je propose un accompagnement personnalis\u00e9, respectueux du rythme, de l\u2019histoire et des besoins sp\u00e9cifiques de [&hellip;]<\/p>\n","protected":false},"author":1,"featured_media":0,"parent":0,"menu_order":0,"comment_status":"closed","ping_status":"closed","template":"","meta":{"footnotes":""},"class_list":["post-194","page","type-page","status-publish","hentry"],"_links":{"self":[{"href":"https:\/\/momentum06.fr\/index.php\/wp-json\/wp\/v2\/pages\/194","targetHints":{"allow":["GET"]}}],"collection":[{"href":"https:\/\/momentum06.fr\/index.php\/wp-json\/wp\/v2\/pages"}],"about":[{"href":"https:\/\/momentum06.fr\/index.php\/wp-json\/wp\/v2\/types\/page"}],"author":[{"embeddable":true,"href":"https:\/\/momentum06.fr\/index.php\/wp-json\/wp\/v2\/users\/1"}],"replies":[{"embeddable":true,"href":"https:\/\/momentum06.fr\/index.php\/wp-json\/wp\/v2\/comments?post=194"}],"version-history":[{"count":26,"href":"https:\/\/momentum06.fr\/index.php\/wp-json\/wp\/v2\/pages\/194\/revisions"}],"predecessor-version":[{"id":420,"href":"https:\/\/momentum06.fr\/index.php\/wp-json\/wp\/v2\/pages\/194\/revisions\/420"}],"wp:attachment":[{"href":"https:\/\/momentum06.fr\/index.php\/wp-json\/wp\/v2\/media?parent=194"}],"curies":[{"name":"wp","href":"https:\/\/api.w.org\/{rel}","templated":true}]}}